{"id":1333,"date":"2025-06-05T16:56:09","date_gmt":"2025-06-05T14:56:09","guid":{"rendered":"https:\/\/clinicagorrochategui.nerade.com\/?page_id=1333"},"modified":"2025-07-11T20:30:26","modified_gmt":"2025-07-11T18:30:26","slug":"primera-consulta","status":"publish","type":"page","link":"https:\/\/clinicagorrochategui.com\/de\/primera-consulta\/","title":{"rendered":"Erstkonsultation"},"content":{"rendered":"\t\t<div data-elementor-type=\"wp-page\" data-elementor-id=\"1333\" class=\"elementor elementor-1333\" data-elementor-settings=\"{&quot;ha_cmc_init_switcher&quot;:&quot;no&quot;}\" data-elementor-post-type=\"page\">\n\t\t\t\t\t\t<section class=\"elementor-section elementor-top-section elementor-element elementor-element-e47633e elementor-section-content-middle elementor-section-boxed elementor-section-height-default elementor-section-height-default\" data-id=\"e47633e\" data-element_type=\"section\" data-e-type=\"section\" data-settings=\"{&quot;background_background&quot;:&quot;classic&quot;,&quot;_ha_eqh_enable&quot;:false}\">\n\t\t\t\t\t\t<div class=\"elementor-container elementor-column-gap-extended\">\n\t\t\t\t\t<div class=\"elementor-column elementor-col-50 elementor-top-column elementor-element elementor-element-a64faff\" data-id=\"a64faff\" data-element_type=\"column\" data-e-type=\"column\">\n\t\t\t<div class=\"elementor-widget-wrap elementor-element-populated\">\n\t\t\t\t\t\t<div data-parallax=\"true\" data-parallax-options=\"{&quot;ease&quot;:[&quot;linear&quot;],&quot;start&quot;:&quot;top bottom&quot;,&quot;end&quot;:&quot;bottom+=0px top&quot;}\" data-parallax-from=\"{&quot;y&quot;:&quot;40px&quot;,&quot;transformOrigin&quot;:&quot;50% 50% 0px&quot;}\" data-parallax-to=\"{&quot;y&quot;:&quot;-40px&quot;,&quot;transformOrigin&quot;:&quot;50% 50% 0px&quot;}\" class=\"elementor-element elementor-element-71eb65c elementor-widget__width-initial elementor-absolute elementor-widget elementor-widget-ld_fancy_image\" data-id=\"71eb65c\" data-element_type=\"widget\" data-e-type=\"widget\" data-settings=\"{&quot;_position&quot;:&quot;absolute&quot;}\" data-widget_type=\"ld_fancy_image.default\">\n\t\t\t\t<div class=\"elementor-widget-container\">\n\t\t\t\t\t\n\t\t<div class=\"lqd-imggrp-single d-block pos-rel \" data-shadow-style=\"4\" data-inview=\"true\" data-animate-shadow=\"true\">\n\t\t\t<div class=\"lqd-imggrp-img-container d-inline-flex pos-rel align-items-center justify-content-center \">\n\t\t\t\t\t\t\t\t<figure class=\"w-100 pos-rel\">\n\t\t\t\t\t<img fetchpriority=\"high\" decoding=\"async\" width=\"2048\" height=\"1359\" src=\"https:\/\/clinicagorrochategui.com\/wp-content\/uploads\/2025\/06\/unnamed-1-1.jpg\" class=\"attachment-full size-full wp-image-1627\" alt=\"\" srcset=\"https:\/\/clinicagorrochategui.com\/wp-content\/uploads\/2025\/06\/unnamed-1-1.jpg 2048w, https:\/\/clinicagorrochategui.com\/wp-content\/uploads\/2025\/06\/unnamed-1-1-300x199.jpg 300w, https:\/\/clinicagorrochategui.com\/wp-content\/uploads\/2025\/06\/unnamed-1-1-1024x680.jpg 1024w, https:\/\/clinicagorrochategui.com\/wp-content\/uploads\/2025\/06\/unnamed-1-1-1536x1019.jpg 1536w, https:\/\/clinicagorrochategui.com\/wp-content\/uploads\/2025\/06\/unnamed-1-1-18x12.jpg 18w\" sizes=\"(max-width: 2048px) 100vw, 2048px\" itemprop=\"image\" \/>\t\t\t\t\t\t\t\t\t\t\t\t\t\t\t\t\t\t\t\t\t\t\t\t\t\t\t\t\t<\/figure>\n\t\t\t<\/div>\n\t\t<\/div>\n\n\t\t\t\t\t<\/div>\n\t\t\t\t<\/div>\n\t\t\t\t\t<\/div>\n\t\t<\/div>\n\t\t\t\t<div class=\"elementor-column elementor-col-50 elementor-top-column elementor-element elementor-element-7c6b5e7\" data-id=\"7c6b5e7\" data-element_type=\"column\" data-e-type=\"column\">\n\t\t\t<div class=\"elementor-widget-wrap elementor-element-populated\">\n\t\t\t\t\t\t<div class=\"elementor-element elementor-element-bda38c4 elementor-widget elementor-widget-hub_fancy_heading\" data-id=\"bda38c4\" data-element_type=\"widget\" data-e-type=\"widget\" data-widget_type=\"hub_fancy_heading.default\">\n\t\t\t\t<div class=\"elementor-widget-container\">\n\t\t\t\t\t\n\t\t<div id=\"ld-fancy-heading-69e36173036d5\" class=\"ld-fancy-heading pos-rel\">\n\t\t\t<h2 class=\"ld-fh-element d-inline-block pos-rel  elementor-heading-title lqd-highlight-classic lqd-highlight-grow-left h2\"  > Nuevos pacientes, primeras consultas<\/h2>\t\t<\/div>\n\n\t\t\t\t\t\t<\/div>\n\t\t\t\t<\/div>\n\t\t\t\t<div class=\"elementor-element elementor-element-4a09911 elementor-widget elementor-widget-text-editor\" data-id=\"4a09911\" data-element_type=\"widget\" data-e-type=\"widget\" data-widget_type=\"text-editor.default\">\n\t\t\t\t<div class=\"elementor-widget-container\">\n\t\t\t\t\t\t\t\t\t<p>En su primera visita a nuestra&nbsp;<strong>cl\u00ednica de podolog\u00eda,&nbsp;<\/strong>ya en el primer contacto se sentir\u00e1 bienvenido y c\u00f3modo, en un ambiente agradable, sin estr\u00e9s.&nbsp;<span style=\"font-family: var( --e-global-typography-text-font-family ), Sans-serif; font-size: var( --e-global-typography-text-font-size );\">Tras la bienvenida, realizaremos un breve cuestionario de salud que nos permita conocer su estado general y el de sus pies, como no, en particular.<\/span><\/p>\n<p>Para ello le pediremos que nos indique:<\/p>\n<ul>\n<li>Alergias a medicamentos, alergias en general<\/li>\n<li>Medicaci\u00f3n que toma actualmente<\/li>\n<li>Intervenciones quir\u00fargicas realizadas<\/li>\n<li>Enfermedades reum\u00e1ticas, metab\u00f3licas\u2026<\/li>\n<li>Motivo de su consulta y antecedentes podol\u00f3gicos<\/li>\n<\/ul>\t\t\t\t\t\t\t\t<\/div>\n\t\t\t\t<\/div>\n\t\t\t\t\t<\/div>\n\t\t<\/div>\n\t\t\t\t\t<\/div>\n\t\t<\/section>\n\t\t\t\t<section class=\"elementor-section elementor-top-section elementor-element elementor-element-3e85c17 elementor-section-content-middle elementor-section-boxed elementor-section-height-default elementor-section-height-default\" data-id=\"3e85c17\" data-element_type=\"section\" data-e-type=\"section\" data-settings=\"{&quot;background_background&quot;:&quot;classic&quot;,&quot;_ha_eqh_enable&quot;:false}\">\n\t\t\t\t\t\t<div class=\"elementor-container elementor-column-gap-extended\">\n\t\t\t\t\t<div class=\"elementor-column elementor-col-50 elementor-top-column elementor-element elementor-element-ea6f18f\" data-id=\"ea6f18f\" data-element_type=\"column\" data-e-type=\"column\">\n\t\t\t<div class=\"elementor-widget-wrap elementor-element-populated\">\n\t\t\t\t\t\t<div class=\"elementor-element elementor-element-0b8ddd1 elementor-widget elementor-widget-text-editor\" data-id=\"0b8ddd1\" data-element_type=\"widget\" data-e-type=\"widget\" data-widget_type=\"text-editor.default\">\n\t\t\t\t<div class=\"elementor-widget-container\">\n\t\t\t\t\t\t\t\t\t<p>En cumplimiento del Reglamento (UE) 2016\/679, General de Protecci\u00f3n de Datos, y de la Ley Org\u00e1nica 3\/2018, de 5 de diciembre, de Protecci\u00f3n de Datos Personales y Garant\u00eda de los Derechos Digitales, le informamos que, antes de proceder al tratamiento de sus datos personales, le facilitaremos toda la informaci\u00f3n necesaria sobre nuestra pol\u00edtica de protecci\u00f3n de datos, as\u00ed como sobre los protocolos implementados para garantizar la seguridad y conservaci\u00f3n adecuada de su informaci\u00f3n cl\u00ednica.<\/p><p>Si su primera visita est\u00e1 relacionada con un problema biomec\u00e1nico, tras cumplimentar el cuestionario de salud, se realiza la <a href=\"\/estudio-biomecanico\/\">exploraci\u00f3n biomec\u00e1nica y el an\u00e1lisis computerizado de la marcha<\/a>; cuente que para ello necesitaremos de \u00be a 1 hora de su tiempo.<\/p><p>Para una mejor comprensi\u00f3n de su patolog\u00eda es importante que en esta primera visita a la cl\u00ednica aporte todas las pruebas de imagen actuales (radiograf\u00edas, resonancia magn\u00e9tica, ecograf\u00edas) de las que disponga y tengan que ver con el problema por el que nos consulta.<\/p><p>Si es Usted diab\u00e9tico, en su primera consulta adem\u00e1s de la valoraci\u00f3n general, se valorar\u00e1 el <a href=\"\/pie-diabetico\/\">estado vascular y neurol\u00f3gico de sus pies<\/a>, finalizando con una <a href=\"\/quiropodia-basica\/\">quiropodia<\/a>.<\/p>\t\t\t\t\t\t\t\t<\/div>\n\t\t\t\t<\/div>\n\t\t\t\t\t<\/div>\n\t\t<\/div>\n\t\t\t\t<div class=\"elementor-column elementor-col-50 elementor-top-column elementor-element elementor-element-1b3b38b\" data-id=\"1b3b38b\" data-element_type=\"column\" data-e-type=\"column\">\n\t\t\t<div class=\"elementor-widget-wrap elementor-element-populated\">\n\t\t\t\t\t\t<div data-parallax=\"true\" data-parallax-options=\"{&quot;ease&quot;:[&quot;linear&quot;],&quot;start&quot;:&quot;top bottom&quot;,&quot;end&quot;:&quot;bottom+=0px top&quot;}\" data-parallax-from=\"{&quot;y&quot;:&quot;40px&quot;,&quot;transformOrigin&quot;:&quot;50% 50% 0px&quot;}\" data-parallax-to=\"{&quot;y&quot;:&quot;-40px&quot;,&quot;transformOrigin&quot;:&quot;50% 50% 0px&quot;}\" class=\"elementor-element elementor-element-9c51390 elementor-widget__width-initial elementor-absolute elementor-widget elementor-widget-ld_fancy_image\" data-id=\"9c51390\" data-element_type=\"widget\" data-e-type=\"widget\" data-settings=\"{&quot;_position&quot;:&quot;absolute&quot;}\" data-widget_type=\"ld_fancy_image.default\">\n\t\t\t\t<div class=\"elementor-widget-container\">\n\t\t\t\t\t\n\t\t<div class=\"lqd-imggrp-single d-block pos-rel \" data-shadow-style=\"4\" data-inview=\"true\" data-animate-shadow=\"true\">\n\t\t\t<div class=\"lqd-imggrp-img-container d-inline-flex pos-rel align-items-center justify-content-center \">\n\t\t\t\t\t\t\t\t<figure class=\"w-100 pos-rel\">\n\t\t\t\t\t<img decoding=\"async\" width=\"547\" height=\"382\" src=\"data:image\/svg+xml;charset=utf-8,%3Csvg xmlns%3D&#039;http%3A%2F%2Fwww.w3.org%2F2000%2Fsvg&#039; viewBox%3D&#039;0 0  &#039;%2F%3E\" class=\"attachment-full size-full wp-image-1351 ld-lazyload\" alt=\"\" itemprop=\"image\" data-src=\"https:\/\/clinicagorrochategui.com\/wp-content\/uploads\/2025\/06\/sala-espera-clinica-podologica-barrio-salamanaca.jpg\" data-srcset=\"https:\/\/clinicagorrochategui.com\/wp-content\/uploads\/2025\/06\/sala-espera-clinica-podologica-barrio-salamanaca.jpg 547w, https:\/\/clinicagorrochategui.com\/wp-content\/uploads\/2025\/06\/sala-espera-clinica-podologica-barrio-salamanaca-300x210.jpg 300w, https:\/\/clinicagorrochategui.com\/wp-content\/uploads\/2025\/06\/sala-espera-clinica-podologica-barrio-salamanaca-18x12.jpg 18w\" data-sizes=\"(max-width: 547px) 100vw, 547px\" data-aspect=\"\" \/>\t\t\t\t\t\t\t\t\t\t\t\t\t\t\t\t\t\t\t\t\t\t\t\t\t\t\t\t\t<\/figure>\n\t\t\t<\/div>\n\t\t<\/div>\n\n\t\t\t\t\t<\/div>\n\t\t\t\t<\/div>\n\t\t\t\t\t<\/div>\n\t\t<\/div>\n\t\t\t\t\t<\/div>\n\t\t<\/section>\n\t\t\t\t<section class=\"elementor-section elementor-top-section elementor-element elementor-element-5395208 elementor-reverse-mobile elementor-section-boxed elementor-section-height-default elementor-section-height-default\" data-id=\"5395208\" data-element_type=\"section\" data-e-type=\"section\" data-settings=\"{&quot;_ha_eqh_enable&quot;:false}\">\n\t\t\t\t\t\t<div class=\"elementor-container elementor-column-gap-default\">\n\t\t\t\t\t<div class=\"elementor-column elementor-col-50 elementor-top-column elementor-element elementor-element-22acc85\" data-id=\"22acc85\" data-element_type=\"column\" data-e-type=\"column\" data-settings=\"{&quot;background_background&quot;:&quot;classic&quot;}\">\n\t\t\t<div class=\"elementor-widget-wrap elementor-element-populated\">\n\t\t\t\t\t\t<div class=\"elementor-element elementor-element-9ac28a6 elementor-widget elementor-widget-hub_fancy_heading\" data-id=\"9ac28a6\" data-element_type=\"widget\" data-e-type=\"widget\" data-widget_type=\"hub_fancy_heading.default\">\n\t\t\t\t<div class=\"elementor-widget-container\">\n\t\t\t\t\t\n\t\t<div id=\"ld-fancy-heading-69e361730996e\" class=\"ld-fancy-heading pos-rel\">\n\t\t\t<h2 class=\"ld-fh-element d-inline-block pos-rel  elementor-heading-title lqd-highlight-classic lqd-highlight-grow-left h2\"  > Pedir Cita<\/h2>\t\t<\/div>\n\n\t\t\t\t\t\t<\/div>\n\t\t\t\t<\/div>\n\t\t\t\t<div class=\"elementor-element elementor-element-5c0e407 elementor-widget elementor-widget-hub_fancy_heading\" data-id=\"5c0e407\" data-element_type=\"widget\" data-e-type=\"widget\" data-widget_type=\"hub_fancy_heading.default\">\n\t\t\t\t<div class=\"elementor-widget-container\">\n\t\t\t\t\t\n\t\t<div id=\"ld-fancy-heading-69e361730ab2d\" class=\"ld-fancy-heading pos-rel\">\n\t\t\t<p class=\"ld-fh-element d-inline-block pos-rel  lqd-highlight-classic lqd-highlight-grow-left p\"  > Cons\u00faltenos sin compromiso. Estaremos encantados de atenderle y resolver sus dudas.<br><br>\n\n<b>Horario de consulta<\/b>: Lunes a Viernes de 9.30 a 20.30<br>\n\n<b>Previa petici\u00f3n de hora<\/b>: 639 205 286<br>\n\nN\u00fa\u00f1ez de Balboa, 107 Consulta 201<\/p>\t\t<\/div>\n\n\t\t\t\t\t\t<\/div>\n\t\t\t\t<\/div>\n\t\t\t\t<div class=\"elementor-element elementor-element-85ce64c elementor-widget elementor-widget-ld_button\" data-id=\"85ce64c\" data-element_type=\"widget\" data-e-type=\"widget\" data-widget_type=\"ld_button.default\">\n\t\t\t\t<div class=\"elementor-widget-container\">\n\t\t\t\t\t\n\t\t\t<a\n\t\t\t\thref=\"\/contacto\/\"class=\"elementor-button btn btn-solid btn-icon-right btn-icon-circle btn-icon-custom-size btn-icon-shaped btn-icon-solid btn-has-label\"\t\t\t>\n\t\t\t\t\t\t\t\t\t<span data-text=\"Contactar\" class=\"btn-txt\">\n\t\t\t\t\t\tContactar\t\t\t\t\t<\/span>\n\t\t\t\t\t\t\t\t\t\t\t\t\t\t<span class=\"btn-icon\">\n\t\t\t\t\t\t\t<i aria-hidden=\"true\" class=\"lqd-icn-ess icon-ion-ios-arrow-forward\"><\/i>\t\t\t\t\t\t<\/span>\n\t\t\t\t\t\t\t\t\t<\/a>\n\t\t\t\t\t\t\t<\/div>\n\t\t\t\t<\/div>\n\t\t\t\t\t<\/div>\n\t\t<\/div>\n\t\t\t\t<div class=\"elementor-column elementor-col-50 elementor-top-column elementor-element elementor-element-f3296ae\" data-id=\"f3296ae\" data-element_type=\"column\" data-e-type=\"column\" data-settings=\"{&quot;background_background&quot;:&quot;classic&quot;}\">\n\t\t\t<div class=\"elementor-widget-wrap elementor-element-populated\">\n\t\t\t\t\t\t\t<\/div>\n\t\t<\/div>\n\t\t\t\t\t<\/div>\n\t\t<\/section>\n\t\t<div class=\"elementor-element elementor-element-056feba e-flex e-con-boxed e-con e-parent\" data-id=\"056feba\" data-element_type=\"container\" data-e-type=\"container\" data-settings=\"{&quot;_ha_eqh_enable&quot;:false}\">\n\t\t\t\t\t<div class=\"e-con-inner\">\n\t\t\t\t<div class=\"elementor-element elementor-element-5f3bfe5 elementor-widget elementor-widget-spacer\" data-id=\"5f3bfe5\" data-element_type=\"widget\" data-e-type=\"widget\" data-widget_type=\"spacer.default\">\n\t\t\t\t<div class=\"elementor-widget-container\">\n\t\t\t\t\t\t\t<div class=\"elementor-spacer\">\n\t\t\t<div class=\"elementor-spacer-inner\"><\/div>\n\t\t<\/div>\n\t\t\t\t\t\t<\/div>\n\t\t\t\t<\/div>\n\t\t\t\t\t<\/div>\n\t\t\t\t<\/div>\n\t\t\t\t<\/div>\n\t\t","protected":false},"excerpt":{"rendered":"<p>Nuevos pacientes, primeras consultas En su primera visita a nuestra&nbsp;cl\u00ednica de podolog\u00eda,&nbsp;ya en el primer contacto se sentir\u00e1 bienvenido y c\u00f3modo, en un ambiente agradable, sin estr\u00e9s.&nbsp;Tras la bienvenida, realizaremos un breve cuestionario de salud que nos permita conocer su estado general y el de sus pies, como no, en particular. Para ello le pediremos [&hellip;]<\/p>\n","protected":false},"author":1,"featured_media":0,"parent":0,"menu_order":0,"comment_status":"closed","ping_status":"closed","template":"","meta":{"inline_featured_image":false,"footnotes":""},"class_list":["post-1333","page","type-page","status-publish","hentry"],"_links":{"self":[{"href":"https:\/\/clinicagorrochategui.com\/de\/wp-json\/wp\/v2\/pages\/1333","targetHints":{"allow":["GET"]}}],"collection":[{"href":"https:\/\/clinicagorrochategui.com\/de\/wp-json\/wp\/v2\/pages"}],"about":[{"href":"https:\/\/clinicagorrochategui.com\/de\/wp-json\/wp\/v2\/types\/page"}],"author":[{"embeddable":true,"href":"https:\/\/clinicagorrochategui.com\/de\/wp-json\/wp\/v2\/users\/1"}],"replies":[{"embeddable":true,"href":"https:\/\/clinicagorrochategui.com\/de\/wp-json\/wp\/v2\/comments?post=1333"}],"version-history":[{"count":0,"href":"https:\/\/clinicagorrochategui.com\/de\/wp-json\/wp\/v2\/pages\/1333\/revisions"}],"wp:attachment":[{"href":"https:\/\/clinicagorrochategui.com\/de\/wp-json\/wp\/v2\/media?parent=1333"}],"curies":[{"name":"wp","href":"https:\/\/api.w.org\/{rel}","templated":true}]}}