{"id":1825,"date":"2025-06-09T13:01:59","date_gmt":"2025-06-09T11:01:59","guid":{"rendered":"https:\/\/clinicagorrochategui.nerade.com\/?page_id=1825"},"modified":"2025-07-12T09:59:00","modified_gmt":"2025-07-12T07:59:00","slug":"una-encarnada-u-onicocriptosis","status":"publish","type":"page","link":"https:\/\/clinicagorrochategui.com\/de\/una-encarnada-u-onicocriptosis\/","title":{"rendered":"Eingewachsener Zehennagel"},"content":{"rendered":"<div data-elementor-type=\"wp-page\" data-elementor-id=\"1825\" class=\"elementor elementor-1825\" data-elementor-settings=\"{&quot;ha_cmc_init_switcher&quot;:&quot;no&quot;}\">\n\t\t\t\t\t\t<section class=\"elementor-section elementor-top-section elementor-element elementor-element-100bd8a5 elementor-section-boxed elementor-section-height-default elementor-section-height-default\" data-id=\"100bd8a5\" data-element_type=\"section\" data-e-type=\"section\" data-settings=\"{&quot;_ha_eqh_enable&quot;:false}\">\n\t\t\t\t\t\t<div class=\"elementor-container elementor-column-gap-default\">\n\t\t\t\t\t<div class=\"lqd-css-sticky-column elementor-column elementor-col-50 elementor-top-column elementor-element elementor-element-2eda37c\" style=\"--lqd-sticky-offset:30px\" data-id=\"2eda37c\" data-element_type=\"column\" data-e-type=\"column\">\n\t\t\t<div class=\"elementor-widget-wrap elementor-element-populated\">\n\t\t\t\t\t\t<div class=\"elementor-element elementor-element-3887e0b elementor-widget elementor-widget-ld_custom_menu\" data-id=\"3887e0b\" data-element_type=\"widget\" data-e-type=\"widget\" data-widget_type=\"ld_custom_menu.default\">\n\t\t\t\t<div class=\"elementor-widget-container\">\n\t\t\t\t\t\n\t\t\t<div\t\t\t\tclass=\"lqd-fancy-menu lqd-custom-menu pos-rel menu-items-has-fill lqd-menu-td-none\"\n\t\t\t\t\t\t\t>\n\t\t\t\n\t\t\t\t\t\t\t<ul class=\"reset-ul\" id=\"lqd-custom-menu-3887e0b\" >\n\t\t\t\t\n\t\t\t\t\t\t<li>\n\t\t\t\t\t\t\t<a  href=\"\/de\/quiropodia-basica\/\" target=\"_self\" >\n\n\t\t\t\t\t\t\t\t\t\t\t\t\t\t\t\t\t<span class=\"link-icon d-inline-flex hide-if-empty right-icon icon-push-to-edge\"><\/span>\n\t\t\t\t\t\t\t\t\n\t\t\t\t\t\t\t\t\t\t\t\t\t\t\t\t\tMedizinische Fu\u00dfpflege\t\t\t\t\t\t\t\t\t\t\t\t\t\t\t\t\t\t\t\t\t\t\t<\/a>\n\t\t\t\t\t\t\t\t\t\t\t\t\t<\/li>\n\n\t\t\t\t\t\t\n\t\t\t\t\t\t<li>\n\t\t\t\t\t\t\t<a  href=\"\/de\/quiropodia-spa\/\" target=\"_self\" >\n\n\t\t\t\t\t\t\t\t\t\t\t\t\t\t\t\t\t<span class=\"link-icon d-inline-flex hide-if-empty right-icon icon-push-to-edge\"><\/span>\n\t\t\t\t\t\t\t\t\n\t\t\t\t\t\t\t\t\t\t\t\t\t\t\t\t\tSpa \u2013 medizinische Fu\u00dfpflege\t\t\t\t\t\t\t\t\t\t\t\t\t\t\t\t\t\t\t\t\t\t\t<\/a>\n\t\t\t\t\t\t\t\t\t\t\t\t\t<\/li>\n\n\t\t\t\t\t\t\n\t\t\t\t\t\t<li>\n\t\t\t\t\t\t\t<a  href=\"\/de\/verruga-plantar\/\" target=\"_self\" >\n\n\t\t\t\t\t\t\t\t\t\t\t\t\t\t\t\t\t<span class=\"link-icon d-inline-flex hide-if-empty right-icon icon-push-to-edge\"><\/span>\n\t\t\t\t\t\t\t\t\n\t\t\t\t\t\t\t\t\t\t\t\t\t\t\t\t\tPlantar-Warzen\t\t\t\t\t\t\t\t\t\t\t\t\t\t\t\t\t\t\t\t\t\t\t<\/a>\n\t\t\t\t\t\t\t\t\t\t\t\t\t<\/li>\n\n\t\t\t\t\t\t\n\t\t\t\t\t\t<li>\n\t\t\t\t\t\t\t<a  href=\"\/de\/onicomadesis-o-rotura-de-la-una\/\" target=\"_self\" >\n\n\t\t\t\t\t\t\t\t\t\t\t\t\t\t\t\t\t<span class=\"link-icon d-inline-flex hide-if-empty right-icon icon-push-to-edge\"><\/span>\n\t\t\t\t\t\t\t\t\n\t\t\t\t\t\t\t\t\t\t\t\t\t\t\t\t\tOnychomadese (Nagelbruch)\t\t\t\t\t\t\t\t\t\t\t\t\t\t\t\t\t\t\t\t\t\t\t<\/a>\n\t\t\t\t\t\t\t\t\t\t\t\t\t<\/li>\n\n\t\t\t\t\t\t\n\t\t\t\t\t\t<li>\n\t\t\t\t\t\t\t<a  href=\"\/de\/una-encarnada-u-onicocriptosis\/\" target=\"_self\" >\n\n\t\t\t\t\t\t\t\t\t\t\t\t\t\t\t\t\t<span class=\"link-icon d-inline-flex hide-if-empty right-icon icon-push-to-edge\"><svg aria-hidden=\"true\" class=\"e-font-icon-svg e-fas-angle-right\" viewbox=\"0 0 256 512\" xmlns=\"http:\/\/www.w3.org\/2000\/svg\"><path d=\"M224.3 273l-136 136c-9.4 9.4-24.6 9.4-33.9 0l-22.6-22.6c-9.4-9.4-9.4-24.6 0-33.9l96.4-96.4-96.4-96.4c-9.4-9.4-9.4-24.6 0-33.9L54.3 103c9.4-9.4 24.6-9.4 33.9 0l136 136c9.5 9.4 9.5 24.6.1 34z\"><\/path><\/svg><\/span>\n\t\t\t\t\t\t\t\t\n\t\t\t\t\t\t\t\t\t\t\t\t\t\t\t\t\tEingewachsener Zehennagel\t\t\t\t\t\t\t\t\t\t\t\t\t\t\t\t\t\t\t\t\t\t\t<\/a>\n\t\t\t\t\t\t\t\t\t\t\t\t\t<\/li>\n\n\t\t\t\t\t\t\n\t\t\t\t\t\t<li>\n\t\t\t\t\t\t\t<a  href=\"\/de\/onicomicosis-u-hongos-en-las-unas\/\" target=\"_self\" >\n\n\t\t\t\t\t\t\t\t\t\t\t\t\t\t\t\t\t<span class=\"link-icon d-inline-flex hide-if-empty right-icon icon-push-to-edge\"><\/span>\n\t\t\t\t\t\t\t\t\n\t\t\t\t\t\t\t\t\t\t\t\t\t\t\t\t\tNagelpilz (Onychomykose)\t\t\t\t\t\t\t\t\t\t\t\t\t\t\t\t\t\t\t\t\t\t\t<\/a>\n\t\t\t\t\t\t\t\t\t\t\t\t\t<\/li>\n\n\t\t\t\t\t\t\n\t\t\t\t\t\t<li>\n\t\t\t\t\t\t\t<a  href=\"\/de\/dermatomicosis-o-pie-de-atleta\/\" target=\"_self\" >\n\n\t\t\t\t\t\t\t\t\t\t\t\t\t\t\t\t\t<span class=\"link-icon d-inline-flex hide-if-empty right-icon icon-push-to-edge\"><\/span>\n\t\t\t\t\t\t\t\t\n\t\t\t\t\t\t\t\t\t\t\t\t\t\t\t\t\tHautpilze (Dermatomykosen)\t\t\t\t\t\t\t\t\t\t\t\t\t\t\t\t\t\t\t\t\t\t\t<\/a>\n\t\t\t\t\t\t\t\t\t\t\t\t\t<\/li>\n\n\t\t\t\t\t\t\t\t\t\t<\/ul>\n\t\t\t\t\t\t\t\t\t<\/div>\n\t\t\t\t\t\t<\/div>\n\t\t\t\t<\/div>\n\t\t\t\t<div class=\"elementor-element elementor-element-4d81946 elementor-align-left ha-has-bg-overlay elementor-widget elementor-widget-ld_icon_box\" data-id=\"4d81946\" data-element_type=\"widget\" data-e-type=\"widget\" data-widget_type=\"ld_icon_box.default\">\n\t\t\t\t<div class=\"elementor-widget-container\">\n\t\t\t\t\t\n\t\t\t<div id=\"ld_icon_box_4d81946\" class=\"iconbox d-flex flex-grow-1 pos-rel align-items-center iconbox-side iconbox-icon-shaped iconbox-circle\"   >\n\n\t\t\t\t\n\t\t\t\t<div class=\"iconbox-icon-wrap\"><div class=\"iconbox-icon-container d-inline-flex pos-rel z-index-1 border-radius-circle\"><svg aria-hidden=\"true\" class=\"e-font-icon-svg e-fas-phone-alt\" viewbox=\"0 0 512 512\" xmlns=\"http:\/\/www.w3.org\/2000\/svg\"><path d=\"M497.39 361.8l-112-48a24 24 0 0 0-28 6.9l-49.6 60.6A370.66 370.66 0 0 1 130.6 204.11l60.6-49.6a23.94 23.94 0 0 0 6.9-28l-48-112A24.16 24.16 0 0 0 122.6.61l-104 24A24 24 0 0 0 0 48c0 256.5 207.9 464 464 464a24 24 0 0 0 23.4-18.6l24-104a24.29 24.29 0 0 0-14.01-27.6z\"><\/path><\/svg><\/div><\/div>\n\t\t\t\t\n\t\t\t\t<div class=\"contents\">\n\t\t\t\t\n\t\t\t\t<h3 class=\"lqd-iconbox-heading\" >F\u00fcr weitere Informationen <\/h3>\t\t\t\t<p><span style=\"font-size: 20px;color: #292929\">639 205 286<\/span><\/p>\n\t\t\t\t\n\t\t\t\t<\/div>\n\t\t\t\t\n\t\t\t<\/div>\n\n\t\t\t\t\t\t<\/div>\n\t\t\t\t<\/div>\n\t\t\t\t\t<\/div>\n\t\t<\/div>\n\t\t\t\t<div class=\"elementor-column elementor-col-50 elementor-top-column elementor-element elementor-element-231f3078\" data-id=\"231f3078\" data-element_type=\"column\" data-e-type=\"column\">\n\t\t\t<div class=\"elementor-widget-wrap elementor-element-populated\">\n\t\t\t\t\t\t<div class=\"elementor-element elementor-element-527f0d1f elementor-widget elementor-widget-hub_fancy_heading\" data-id=\"527f0d1f\" data-element_type=\"widget\" data-e-type=\"widget\" data-widget_type=\"hub_fancy_heading.default\">\n\t\t\t\t<div class=\"elementor-widget-container\">\n\t\t\t\t\t\n\t\t<div id=\"ld-fancy-heading-6a01fba6bd19d\" class=\"ld-fancy-heading pos-rel\">\n\t\t\t<h3 class=\"ld-fh-element d-inline-block pos-rel  elementor-heading-title lqd-highlight-classic lqd-highlight-grow-left h3\"  > Was versteht man unter einem eingewachsenen Zehennagel?<\/h3>\t\t<\/div>\n\n\t\t\t\t\t\t<\/div>\n\t\t\t\t<\/div>\n\t\t\t\t<div class=\"elementor-element elementor-element-351cbdd elementor-widget elementor-widget-text-editor\" data-id=\"351cbdd\" data-element_type=\"widget\" data-e-type=\"widget\" data-widget_type=\"text-editor.default\">\n\t\t\t\t<div class=\"elementor-widget-container\">\n\t\t\t\t\t\t\t\t\t<div class=\"wpb_text_column wpb_content_element bigP\"><div class=\"wpb_wrapper\"><p>Ein Prozess bei dem der Zehennagel langsam in das Fleisch am Rande des Zehs einw\u00e4chst. Dies kann zu Schmerzen, Entz\u00fcndungen und eventuell Infektionen in der Nagelfalte f\u00fchren.<\/p><p>Es tritt am h\u00e4ufigsten am gro\u00dfen Zeh auf und kann einen oder beide Zehen betreffen<\/p><p>Die h\u00e4ufigsten Ursachen sind:<\/p><ul><li>Schlechte Nagelentfernung (in der Regel gerundet)<\/li><li>\u00dcberm\u00e4\u00dfiges Schwitzen (Hyperhidrose)<\/li><li>Verwendung zu enger Schuhe oder Schuhe die auf die Zehen dr\u00fccken.<\/li><li>Verletzungen die durch einen Sto\u00df (z.Bsp. Fu\u00dfball) oder durch eine Verletzung eines herunterfallenden Gegenstand verursacht wurde.<\/li><li>Krankheitsbedingte Fu\u00df Verformungen (z. Bsp. Hallux extensus, Pes planus, usw\u2026)<\/li><li>Form\u00e4nderungen der N\u00e4gel<\/li><li>Einnahme von Retinoid haltigen Medikamenten<\/li><\/ul><h3><span class=\"title_destacado_text\">Konservative Behandlung eingewachsener Zehenn\u00e4gel<\/span><\/h3><p>Nach der Beurteilung der Pathologie in der Klinik, wird, wenn m\u00f6glich, der Dorn des Zehennagels entfernt, der Zeh desinfiziert und verbunden. Bei einem zweiten Besuch nach 2 Tagen wird eine erste Beurteilung vorgenommen.<\/p><p class=\"translation-block\">Es muss beachtet werden, dass eine Infektion eines Zehs allenfalls so stark sein kann, dass eine Behandlung mit Antibiotika notwendig wird.<\/p><p class=\"translation-block\">Falls keine Infektionen oder gr\u00f6\u00dfere Deformationen des Gewebes vorhanden sind wird versucht, das Wachstum des Nagels durch eine Spangentechnik umzuleiten.<\/p><p class=\"translation-block\">F\u00fcr Patienten, bei denen Zehenn\u00e4gel wiederholt einwachsen und das umgebende Gewebe des Nagels verformt ist, ist eine chirurgische Behandlung notwendig.<\/p><p class=\"translation-block\">Diese Behandlung ist eine definitive Probleml\u00f6sung.<\/p><p>\u00dcberpr\u00fcfungen werden alle 2-3 Monate durchgef\u00fchrt, um das richtige Wachstum des Nagels zu bewerten.<\/p><p class=\"translation-block\">F\u00fcr Patienten, bei denen die Onychokryptose ein wiederkehrendes Problem ist und es auch eine Verformung des Gewebes gibt, das den Nagel umgibt, ist die Behandlung der Wahl<strong> chirurgisch<\/strong> (Matrixktomie). Diese Behandlung ist endg\u00fcltig.<\/p><p><span class=\"title_destacado_text\">Wie verhindere ich eingewachsene Zehenn\u00e4gel?<\/span><\/p><ul><li>Schneiden Sie die N\u00e4gel nicht zu kurz. Sie sollten vom Ende des Zehs leicht herausragen<\/li><li>Der Schnitt sollte gerade sein. Die Seitenkanten k\u00f6nnen mit einer Feile behandelt werden<\/li><li>Benutzen Sie die Schere nicht f\u00fcr die Seitenfalten!<\/li><li>Halten Sie Scheren, Nagelfeilen und Knipser immer sauber<\/li><li>Halten Sie die Seitenkan\u00e4le der N\u00e4gel frei von Schmutz<\/li><li>Versuchen Sie \u00fcberm\u00e4\u00dfiges Schwitzen durch den Gebrauch antiseptischer Seifen, Lotionen, Puder oder Sprays zu verhindern<\/li><li>Verwenden Sie Socken, Str\u00fcmpfe und Schuhe, die Zehen nicht zusammen dr\u00fccken<\/li><li>Empfehlung f\u00fcr Diabetiker: Untersuchen Sie Ihren Fu\u00df t\u00e4glich und suchen Sie unverz\u00fcglich Beratung, wenn Sie eine Verletzung bemerken<\/li><\/ul><\/div><\/div>\t\t\t\t\t\t\t\t<\/div>\n\t\t\t\t<\/div>\n\t\t\t\t<div class=\"elementor-element elementor-element-0dc878a elementor-widget elementor-widget-spacer\" data-id=\"0dc878a\" data-element_type=\"widget\" data-e-type=\"widget\" data-widget_type=\"spacer.default\">\n\t\t\t\t<div class=\"elementor-widget-container\">\n\t\t\t\t\t\t\t<div class=\"elementor-spacer\">\n\t\t\t<div class=\"elementor-spacer-inner\"><\/div>\n\t\t<\/div>\n\t\t\t\t\t\t<\/div>\n\t\t\t\t<\/div>\n\t\t\t\t<div class=\"elementor-element elementor-element-4116b11 elementor-widget elementor-widget-spacer\" data-id=\"4116b11\" data-element_type=\"widget\" data-e-type=\"widget\" data-widget_type=\"spacer.default\">\n\t\t\t\t<div class=\"elementor-widget-container\">\n\t\t\t\t\t\t\t<div class=\"elementor-spacer\">\n\t\t\t<div class=\"elementor-spacer-inner\"><\/div>\n\t\t<\/div>\n\t\t\t\t\t\t<\/div>\n\t\t\t\t<\/div>\n\t\t\t\t<div class=\"elementor-element elementor-element-4e40ebec elementor-widget-divider--view-line elementor-widget elementor-widget-divider\" data-id=\"4e40ebec\" data-element_type=\"widget\" data-e-type=\"widget\" data-widget_type=\"divider.default\">\n\t\t\t\t<div class=\"elementor-widget-container\">\n\t\t\t\t\t\t\t<div class=\"elementor-divider\">\n\t\t\t<span class=\"elementor-divider-separator\">\n\t\t\t\t\t\t<\/span>\n\t\t<\/div>\n\t\t\t\t\t\t<\/div>\n\t\t\t\t<\/div>\n\t\t\t\t\t<\/div>\n\t\t<\/div>\n\t\t\t\t\t<\/div>\n\t\t<\/section>\n\t\t\t\t<\/div>","protected":false},"excerpt":{"rendered":"<p>Quiropodia b\u00e1sica Quiropodia Spa Verruga plantar Onicomadesis \u00f3 rotura de la u\u00f1a U\u00f1a encarnada u onicocriptosis Onicomicosis u hongos en las u\u00f1as Dermatomicosis o pie de atleta Para m\u00e1s informaci\u00f3n 639 205 286 \u00bfQu\u00e9 es la Onicocriptosis? Es un proceso muy doloroso en el que la u\u00f1a crece hacia el interior de la carne del [&hellip;]<\/p>\n","protected":false},"author":1,"featured_media":0,"parent":0,"menu_order":0,"comment_status":"closed","ping_status":"closed","template":"","meta":{"inline_featured_image":false,"footnotes":""},"class_list":["post-1825","page","type-page","status-publish","hentry"],"_links":{"self":[{"href":"https:\/\/clinicagorrochategui.com\/de\/wp-json\/wp\/v2\/pages\/1825","targetHints":{"allow":["GET"]}}],"collection":[{"href":"https:\/\/clinicagorrochategui.com\/de\/wp-json\/wp\/v2\/pages"}],"about":[{"href":"https:\/\/clinicagorrochategui.com\/de\/wp-json\/wp\/v2\/types\/page"}],"author":[{"embeddable":true,"href":"https:\/\/clinicagorrochategui.com\/de\/wp-json\/wp\/v2\/users\/1"}],"replies":[{"embeddable":true,"href":"https:\/\/clinicagorrochategui.com\/de\/wp-json\/wp\/v2\/comments?post=1825"}],"version-history":[{"count":0,"href":"https:\/\/clinicagorrochategui.com\/de\/wp-json\/wp\/v2\/pages\/1825\/revisions"}],"wp:attachment":[{"href":"https:\/\/clinicagorrochategui.com\/de\/wp-json\/wp\/v2\/media?parent=1825"}],"curies":[{"name":"wp","href":"https:\/\/api.w.org\/{rel}","templated":true}]}}