{"id":1876,"date":"2025-06-09T16:39:24","date_gmt":"2025-06-09T14:39:24","guid":{"rendered":"https:\/\/clinicagorrochategui.nerade.com\/?page_id=1876"},"modified":"2025-06-17T13:03:25","modified_gmt":"2025-06-17T11:03:25","slug":"podologia-infantil-o-pediatrica","status":"publish","type":"page","link":"https:\/\/clinicagorrochategui.com\/de\/podologia-infantil-o-pediatrica\/","title":{"rendered":"Fu\u00dfprobleme bei Kindern"},"content":{"rendered":"<div data-elementor-type=\"wp-page\" data-elementor-id=\"1876\" class=\"elementor elementor-1876\" data-elementor-settings=\"{&quot;ha_cmc_init_switcher&quot;:&quot;no&quot;}\">\n\t\t\t\t\t\t<section class=\"elementor-section elementor-top-section elementor-element elementor-element-100bd8a5 elementor-section-boxed elementor-section-height-default elementor-section-height-default\" data-id=\"100bd8a5\" data-element_type=\"section\" data-e-type=\"section\" data-settings=\"{&quot;_ha_eqh_enable&quot;:false}\">\n\t\t\t\t\t\t<div class=\"elementor-container elementor-column-gap-default\">\n\t\t\t\t\t<div class=\"elementor-column elementor-col-100 elementor-top-column elementor-element elementor-element-231f3078\" data-id=\"231f3078\" data-element_type=\"column\" data-e-type=\"column\">\n\t\t\t<div class=\"elementor-widget-wrap elementor-element-populated\">\n\t\t\t\t\t\t<div class=\"elementor-element elementor-element-351cbdd elementor-widget elementor-widget-text-editor\" data-id=\"351cbdd\" data-element_type=\"widget\" data-e-type=\"widget\" data-widget_type=\"text-editor.default\">\n\t\t\t\t<div class=\"elementor-widget-container\">\n\t\t\t\t\t\t\t\t\t<p class=\"translation-block\">Die p\u00e4diatrische Podologie diagnostiziert und behandelt Fu\u00dfprobleme bei Kindern und Jugendlichen.<\/p><h3><span class=\"title_destacado_text\">Wann sollte ich mein Kind zu einer Podologin bringen?<\/span><\/h3><p>Ideal f\u00fcr eine pr\u00e4ventive Untersuchung eines Kindes ist das Alter ab ca. 4 Jahren. In diesem Alter ist die erste Wachstums-Entwicklung abgeschlossen und das Kind hat seine eigene Gangart entwickelt.<\/p><p>Es gibt eine Reihe von Symptomen, welche uns vermuten lassen, dass eine Pathologie des Fu\u00dfes vorhanden sein k\u00f6nnte. Deshalb ist es wichtig, Ihr Kind zu einer \u00dcberpr\u00fcfung zu bringen, falls Sie folgende Symptome bei Ihrem Kind feststellen:<\/p><ul><li>Es klagt oft \u00fcber Schmerzen in den Fersen, den Knien oder der Beine<\/li><li>Es f\u00e4llt oft um<\/li><li>Es weicht einen oder beide F\u00fc\u00dfe beim Gehen sehr ab<\/li><li>Es geht stark mit den F\u00fc\u00dfen nach innen<\/li><li>Es geht oft auf den Zehenspitzen<\/li><li>Es hat Hautunreinheiten, Pickel oder Wunden zwischen den Zehen<\/li><li>Es beschwert sich \u00fcber Juckreiz oder Brennen in den F\u00fc\u00dfen, Zehen und N\u00e4gel<\/li><li>Es besteht eine unnat\u00fcrliche Anordnung der Zehen<\/li><\/ul>\t\t\t\t\t\t\t\t<\/div>\n\t\t\t\t<\/div>\n\t\t\t\t<div class=\"elementor-element elementor-element-0dc878a elementor-widget elementor-widget-spacer\" data-id=\"0dc878a\" data-element_type=\"widget\" data-e-type=\"widget\" data-widget_type=\"spacer.default\">\n\t\t\t\t<div class=\"elementor-widget-container\">\n\t\t\t\t\t\t\t<div class=\"elementor-spacer\">\n\t\t\t<div class=\"elementor-spacer-inner\"><\/div>\n\t\t<\/div>\n\t\t\t\t\t\t<\/div>\n\t\t\t\t<\/div>\n\t\t\t\t<div class=\"elementor-element elementor-element-8c99580 elementor-widget elementor-widget-image-gallery\" data-id=\"8c99580\" data-element_type=\"widget\" data-e-type=\"widget\" data-widget_type=\"image-gallery.default\">\n\t\t\t\t<div class=\"elementor-widget-container\">\n\t\t\t\t\t\t\t<div class=\"elementor-image-gallery\">\n\t\t\t<div id='gallery-1' class='gallery galleryid-1876 gallery-columns-2 gallery-size-full'><figure class='gallery-item'>\n\t\t\t<div class='gallery-icon landscape'>\n\t\t\t\t<a data-elementor-open-lightbox=\"yes\" data-elementor-lightbox-slideshow=\"8c99580\" data-elementor-lightbox-title=\"podologia-pediatrica-barrio-salamanca-madrid-2\" data-e-action-hash=\"#elementor-action%3Aaction%3Dlightbox%26settings%3DeyJpZCI6MTEyMywidXJsIjoiaHR0cHM6XC9cL2NsaW5pY2Fnb3Jyb2NoYXRlZ3VpLmNvbVwvd3AtY29udGVudFwvdXBsb2Fkc1wvMjAyNVwvMDZcL3BvZG9sb2dpYS1wZWRpYXRyaWNhLWJhcnJpby1zYWxhbWFuY2EtbWFkcmlkLTIuanBnIiwic2xpZGVzaG93IjoiOGM5OTU4MCJ9\" href='https:\/\/clinicagorrochategui.com\/wp-content\/uploads\/2025\/06\/podologia-pediatrica-barrio-salamanca-madrid-2.jpg'><img fetchpriority=\"high\" decoding=\"async\" width=\"600\" height=\"397\" src=\"https:\/\/clinicagorrochategui.com\/wp-content\/uploads\/2025\/06\/podologia-pediatrica-barrio-salamanca-madrid-2.jpg\" class=\"attachment-full size-full\" alt=\"\" srcset=\"https:\/\/clinicagorrochategui.com\/wp-content\/uploads\/2025\/06\/podologia-pediatrica-barrio-salamanca-madrid-2.jpg 600w, https:\/\/clinicagorrochategui.com\/wp-content\/uploads\/2025\/06\/podologia-pediatrica-barrio-salamanca-madrid-2-300x199.jpg 300w, https:\/\/clinicagorrochategui.com\/wp-content\/uploads\/2025\/06\/podologia-pediatrica-barrio-salamanca-madrid-2-18x12.jpg 18w\" sizes=\"(max-width: 600px) 100vw, 600px\" itemprop=\"image\" \/><\/a>\n\t\t\t<\/div><\/figure><figure class='gallery-item'>\n\t\t\t<div class='gallery-icon landscape'>\n\t\t\t\t<a data-elementor-open-lightbox=\"yes\" data-elementor-lightbox-slideshow=\"8c99580\" data-elementor-lightbox-title=\"podologia-pediatrica-barrio-salamanca-madrid\" data-e-action-hash=\"#elementor-action%3Aaction%3Dlightbox%26settings%3DeyJpZCI6MTg3OCwidXJsIjoiaHR0cHM6XC9cL2NsaW5pY2Fnb3Jyb2NoYXRlZ3VpLmNvbVwvd3AtY29udGVudFwvdXBsb2Fkc1wvMjAyNVwvMDZcL3BvZG9sb2dpYS1wZWRpYXRyaWNhLWJhcnJpby1zYWxhbWFuY2EtbWFkcmlkLmpwZyIsInNsaWRlc2hvdyI6IjhjOTk1ODAifQ%3D%3D\" href='https:\/\/clinicagorrochategui.com\/wp-content\/uploads\/2025\/06\/podologia-pediatrica-barrio-salamanca-madrid.jpg'><img decoding=\"async\" width=\"600\" height=\"397\" src=\"data:image\/svg+xml;charset=utf-8,%3Csvg xmlns%3D&#039;http%3A%2F%2Fwww.w3.org%2F2000%2Fsvg&#039; viewBox%3D&#039;0 0  &#039;%2F%3E\" class=\"attachment-full size-full ld-lazyload\" alt=\"\" itemprop=\"image\" data-src=\"https:\/\/clinicagorrochategui.com\/wp-content\/uploads\/2025\/06\/podologia-pediatrica-barrio-salamanca-madrid.jpg\" data-srcset=\"https:\/\/clinicagorrochategui.com\/wp-content\/uploads\/2025\/06\/podologia-pediatrica-barrio-salamanca-madrid.jpg 600w, https:\/\/clinicagorrochategui.com\/wp-content\/uploads\/2025\/06\/podologia-pediatrica-barrio-salamanca-madrid-300x199.jpg 300w, https:\/\/clinicagorrochategui.com\/wp-content\/uploads\/2025\/06\/podologia-pediatrica-barrio-salamanca-madrid-18x12.jpg 18w\" data-sizes=\"(max-width: 600px) 100vw, 600px\" data-aspect=\"\" \/><\/a>\n\t\t\t<\/div><\/figure>\n\t\t<\/div>\n\t\t<\/div>\n\t\t\t\t\t\t<\/div>\n\t\t\t\t<\/div>\n\t\t\t\t<div class=\"elementor-element elementor-element-4116b11 elementor-widget elementor-widget-spacer\" data-id=\"4116b11\" data-element_type=\"widget\" data-e-type=\"widget\" data-widget_type=\"spacer.default\">\n\t\t\t\t<div class=\"elementor-widget-container\">\n\t\t\t\t\t\t\t<div class=\"elementor-spacer\">\n\t\t\t<div class=\"elementor-spacer-inner\"><\/div>\n\t\t<\/div>\n\t\t\t\t\t\t<\/div>\n\t\t\t\t<\/div>\n\t\t\t\t<div class=\"elementor-element elementor-element-cd492b5 elementor-widget elementor-widget-text-editor\" data-id=\"cd492b5\" data-element_type=\"widget\" data-e-type=\"widget\" data-widget_type=\"text-editor.default\">\n\t\t\t\t<div class=\"elementor-widget-container\">\n\t\t\t\t\t\t\t\t\t<p class=\"translation-block\">Falls die Diagnose zeigt, dass ein Zusammenhang der festgestellten Symptome mit Gangst\u00f6rungen oder Muskelschmerzen bestehen, wird eine biomechanische Untersuchung vorgenommen:<\/p><ul><li>Untersuchung der Biomechanik durch klinische Tests bei denen der Zustand der Kn\u00f6chel, Knien, H\u00fcfte und der Wirbels\u00e4ule beurteilt werden.<\/li><li class=\"translation-block\">Untersuchung der Lauffl\u00e4chen und des Ganges (statisch und dynamisch) mittels einer drucksensitiven Plattform.<\/li><\/ul><p class=\"translation-block\">Eine biomechanische Studie dauert ca \u00be Stunden. Sie erhalten anschlie\u00dfend einen detaillierten Bericht mit der Diagnose, Prognose und einem Behandlungsplan.<\/p>\t\t\t\t\t\t\t\t<\/div>\n\t\t\t\t<\/div>\n\t\t\t\t<div class=\"elementor-element elementor-element-4e40ebec elementor-widget-divider--view-line elementor-widget elementor-widget-divider\" data-id=\"4e40ebec\" data-element_type=\"widget\" data-e-type=\"widget\" data-widget_type=\"divider.default\">\n\t\t\t\t<div class=\"elementor-widget-container\">\n\t\t\t\t\t\t\t<div class=\"elementor-divider\">\n\t\t\t<span class=\"elementor-divider-separator\">\n\t\t\t\t\t\t<\/span>\n\t\t<\/div>\n\t\t\t\t\t\t<\/div>\n\t\t\t\t<\/div>\n\t\t\t\t\t<\/div>\n\t\t<\/div>\n\t\t\t\t\t<\/div>\n\t\t<\/section>\n\t\t\t\t<\/div>","protected":false},"excerpt":{"rendered":"<p>La podolog\u00eda infantil \u00f3 pedi\u00e1trica es el \u00e1rea de la podolog\u00eda que diagnostica y trata los problemas del pie en ni\u00f1os y adolescentes. \u00bfCu\u00e1ndo deber\u00eda llevar a mi hijo al pod\u00f3logo? La edad ideal para realizar un chequeo preventivo en el que se valora que el desarrollo es el adecuado, son los 4 a\u00f1os, edad [&hellip;]<\/p>\n","protected":false},"author":1,"featured_media":0,"parent":0,"menu_order":0,"comment_status":"closed","ping_status":"closed","template":"","meta":{"inline_featured_image":false,"footnotes":""},"class_list":["post-1876","page","type-page","status-publish","hentry"],"_links":{"self":[{"href":"https:\/\/clinicagorrochategui.com\/de\/wp-json\/wp\/v2\/pages\/1876","targetHints":{"allow":["GET"]}}],"collection":[{"href":"https:\/\/clinicagorrochategui.com\/de\/wp-json\/wp\/v2\/pages"}],"about":[{"href":"https:\/\/clinicagorrochategui.com\/de\/wp-json\/wp\/v2\/types\/page"}],"author":[{"embeddable":true,"href":"https:\/\/clinicagorrochategui.com\/de\/wp-json\/wp\/v2\/users\/1"}],"replies":[{"embeddable":true,"href":"https:\/\/clinicagorrochategui.com\/de\/wp-json\/wp\/v2\/comments?post=1876"}],"version-history":[{"count":0,"href":"https:\/\/clinicagorrochategui.com\/de\/wp-json\/wp\/v2\/pages\/1876\/revisions"}],"wp:attachment":[{"href":"https:\/\/clinicagorrochategui.com\/de\/wp-json\/wp\/v2\/media?parent=1876"}],"curies":[{"name":"wp","href":"https:\/\/api.w.org\/{rel}","templated":true}]}}