{"id":1882,"date":"2025-06-09T16:42:56","date_gmt":"2025-06-09T14:42:56","guid":{"rendered":"https:\/\/clinicagorrochategui.nerade.com\/?page_id=1882"},"modified":"2025-06-30T11:11:35","modified_gmt":"2025-06-30T09:11:35","slug":"pie-diabetico","status":"publish","type":"page","link":"https:\/\/clinicagorrochategui.com\/de\/pie-diabetico\/","title":{"rendered":"Diabetischer Fu\u00df"},"content":{"rendered":"<div data-elementor-type=\"wp-page\" data-elementor-id=\"1882\" class=\"elementor elementor-1882\" data-elementor-settings=\"{&quot;ha_cmc_init_switcher&quot;:&quot;no&quot;}\" data-elementor-post-type=\"page\">\n\t\t\t\t\t\t<section class=\"elementor-section elementor-top-section elementor-element elementor-element-100bd8a5 elementor-section-boxed elementor-section-height-default elementor-section-height-default\" data-id=\"100bd8a5\" data-element_type=\"section\" data-e-type=\"section\" data-settings=\"{&quot;_ha_eqh_enable&quot;:false}\">\n\t\t\t\t\t\t<div class=\"elementor-container elementor-column-gap-default\">\n\t\t\t\t\t<div class=\"elementor-column elementor-col-100 elementor-top-column elementor-element elementor-element-231f3078\" data-id=\"231f3078\" data-element_type=\"column\" data-e-type=\"column\">\n\t\t\t<div class=\"elementor-widget-wrap elementor-element-populated\">\n\t\t\t\t\t\t<div class=\"elementor-element elementor-element-351cbdd elementor-widget elementor-widget-text-editor\" data-id=\"351cbdd\" data-element_type=\"widget\" data-e-type=\"widget\" data-widget_type=\"text-editor.default\">\n\t\t\t\t<div class=\"elementor-widget-container\">\n\t\t\t\t\t\t\t\t\t<p class=\"translation-block\">Diabetes mellitus ist allgemein als Zuckerkrankheit bekannt. Es ist eine Stoffwechselerkrankung, bei der erh\u00f6hte Blutzuckerspiegel (Hyperglyk\u00e4mie) auftreten, normalerweise bedingt durch einen Insulin Mangel.<\/p><p class=\"translation-block\">Eine schwere Folge von Diabetes ist das diabetische Fu\u00df Syndrom. Dabei f\u00fchrt eine Infektion zu einer Zerst\u00f6rung des Tiefengewebes des Fu\u00dfes und zu einer Bildung eines sogenannten \u201cdiabetischen Fu\u00dfgeschw\u00fcres\u201d. Solche Geschw\u00fcre sind sehr schwer zu heilen und k\u00f6nnen in schlimmen F\u00e4llen bis zu einer Amputation f\u00fchren.<\/p>\t\t\t\t\t\t\t\t<\/div>\n\t\t\t\t<\/div>\n\t\t\t\t<div class=\"elementor-element elementor-element-0dc878a elementor-widget elementor-widget-spacer\" data-id=\"0dc878a\" data-element_type=\"widget\" data-e-type=\"widget\" data-widget_type=\"spacer.default\">\n\t\t\t\t<div class=\"elementor-widget-container\">\n\t\t\t\t\t\t\t<div class=\"elementor-spacer\">\n\t\t\t<div class=\"elementor-spacer-inner\"><\/div>\n\t\t<\/div>\n\t\t\t\t\t\t<\/div>\n\t\t\t\t<\/div>\n\t\t\t\t<div class=\"elementor-element elementor-element-8c99580 elementor-widget elementor-widget-image-gallery\" data-id=\"8c99580\" data-element_type=\"widget\" data-e-type=\"widget\" data-widget_type=\"image-gallery.default\">\n\t\t\t\t<div class=\"elementor-widget-container\">\n\t\t\t\t\t\t\t<div class=\"elementor-image-gallery\">\n\t\t\t<div id='gallery-1' class='gallery galleryid-1882 gallery-columns-1 gallery-size-full'><figure class='gallery-item'>\n\t\t\t<div class='gallery-icon landscape'>\n\t\t\t\t<a data-elementor-open-lightbox=\"yes\" data-elementor-lightbox-slideshow=\"8c99580\" data-elementor-lightbox-title=\"tratamiento-pie-diabetico-clinica-barrio-salamanca\" data-e-action-hash=\"#elementor-action%3Aaction%3Dlightbox%26settings%3DeyJpZCI6MTEzMCwidXJsIjoiaHR0cHM6XC9cL2NsaW5pY2Fnb3Jyb2NoYXRlZ3VpLmNvbVwvd3AtY29udGVudFwvdXBsb2Fkc1wvMjAyNVwvMDZcL3RyYXRhbWllbnRvLXBpZS1kaWFiZXRpY28tY2xpbmljYS1iYXJyaW8tc2FsYW1hbmNhLmpwZyIsInNsaWRlc2hvdyI6IjhjOTk1ODAifQ%3D%3D\" href='https:\/\/clinicagorrochategui.com\/wp-content\/uploads\/2025\/06\/tratamiento-pie-diabetico-clinica-barrio-salamanca.jpg'><img fetchpriority=\"high\" decoding=\"async\" width=\"600\" height=\"400\" src=\"https:\/\/clinicagorrochategui.com\/wp-content\/uploads\/2025\/06\/tratamiento-pie-diabetico-clinica-barrio-salamanca.jpg\" class=\"attachment-full size-full\" alt=\"\" srcset=\"https:\/\/clinicagorrochategui.com\/wp-content\/uploads\/2025\/06\/tratamiento-pie-diabetico-clinica-barrio-salamanca.jpg 600w, https:\/\/clinicagorrochategui.com\/wp-content\/uploads\/2025\/06\/tratamiento-pie-diabetico-clinica-barrio-salamanca-300x200.jpg 300w, https:\/\/clinicagorrochategui.com\/wp-content\/uploads\/2025\/06\/tratamiento-pie-diabetico-clinica-barrio-salamanca-18x12.jpg 18w\" sizes=\"(max-width: 600px) 100vw, 600px\" itemprop=\"image\" \/><\/a>\n\t\t\t<\/div><\/figure>\n\t\t<\/div>\n\t\t<\/div>\n\t\t\t\t\t\t<\/div>\n\t\t\t\t<\/div>\n\t\t\t\t<div class=\"elementor-element elementor-element-4116b11 elementor-widget elementor-widget-spacer\" data-id=\"4116b11\" data-element_type=\"widget\" data-e-type=\"widget\" data-widget_type=\"spacer.default\">\n\t\t\t\t<div class=\"elementor-widget-container\">\n\t\t\t\t\t\t\t<div class=\"elementor-spacer\">\n\t\t\t<div class=\"elementor-spacer-inner\"><\/div>\n\t\t<\/div>\n\t\t\t\t\t\t<\/div>\n\t\t\t\t<\/div>\n\t\t\t\t<div class=\"elementor-element elementor-element-cd492b5 elementor-widget elementor-widget-text-editor\" data-id=\"cd492b5\" data-element_type=\"widget\" data-e-type=\"widget\" data-widget_type=\"text-editor.default\">\n\t\t\t\t<div class=\"elementor-widget-container\">\n\t\t\t\t\t\t\t\t\t<h3>Pr\u00e4vention und Behandlung vom diabetischen Fu\u00df<\/h3><p>Neben einer metabolischen Kontrolle der Krankheit ist eine Vorsorge durch eine regelm\u00e4\u00dfige Untersuchung angezeigt. Damit lassen sich Faktoren erkennen und korrektive Ma\u00dfnahmen ergreifen, welche das Risiko f\u00fcr ein diabetisches Fu\u00dfgeschw\u00fcr minimieren.<\/p><p>F\u00fcr Diabetes Patienten empfehlen wir deshalb eine Erstuntersuchung die ca. \u00be-1 Stunde dauert mit folgendem Protokoll:<\/p><ul><li>Aufnahmen der klinischen Krankheitsgeschichte und Erfassung aller dazu relevanter Daten\nInformationen \u00fcber andere Krankheiten<\/li><li>Untersuchung der sensorischen und der motorischen \u201cNeuropathie\u201d<\/li><li>Untersuchung der Gef\u00e4\u00dfe<\/li><\/ul><p>Das Ziel dieses Protokolls ist es, festzustellen, in welcher Risikogruppe sich der Patient befindet. In Abh\u00e4ngigkeit der Risikogruppe wird ein Plan erstellt, mit welcher H\u00e4ufigkeit der Patient sich einer Kontrolle unterziehen sollte. Bei Hochrisiko Patienten kann dies monatlich sein, bei niedrigerem Risiko j\u00e4hrlich.<\/p><p class=\"translation-block\">Zum Abschluss des Besuches wird eine medizinische Fu\u00dfpflege durchgef\u00fchrt, dem Patienten die Notwendigkeit einer biomechanischen Untersuchung empfehlen, wenn diese als notwendig erachtet wird.<\/p>\t\t\t\t\t\t\t\t<\/div>\n\t\t\t\t<\/div>\n\t\t\t\t<div class=\"elementor-element elementor-element-4e40ebec elementor-widget-divider--view-line elementor-widget elementor-widget-divider\" data-id=\"4e40ebec\" data-element_type=\"widget\" data-e-type=\"widget\" data-widget_type=\"divider.default\">\n\t\t\t\t<div class=\"elementor-widget-container\">\n\t\t\t\t\t\t\t<div class=\"elementor-divider\">\n\t\t\t<span class=\"elementor-divider-separator\">\n\t\t\t\t\t\t<\/span>\n\t\t<\/div>\n\t\t\t\t\t\t<\/div>\n\t\t\t\t<\/div>\n\t\t\t\t\t<\/div>\n\t\t<\/div>\n\t\t\t\t\t<\/div>\n\t\t<\/section>\n\t\t\t\t<\/div>","protected":false},"excerpt":{"rendered":"<p>La Diabetes Mellitus, m\u00e1s conocida como diabetes, es una enfermedad metab\u00f3lica que se caracteriza por elevados niveles de az\u00facar en sangre (hiperglucemia) por defecto en la secreci\u00f3n o en la acci\u00f3n de la insulina. Una de las consecuencias m\u00e1s devastadoras de la diabetes es el llamado s\u00edndrome del pie diab\u00e9tico, en el que se produce [&hellip;]<\/p>\n","protected":false},"author":1,"featured_media":0,"parent":0,"menu_order":0,"comment_status":"closed","ping_status":"closed","template":"","meta":{"inline_featured_image":false,"footnotes":""},"class_list":["post-1882","page","type-page","status-publish","hentry"],"_links":{"self":[{"href":"https:\/\/clinicagorrochategui.com\/de\/wp-json\/wp\/v2\/pages\/1882","targetHints":{"allow":["GET"]}}],"collection":[{"href":"https:\/\/clinicagorrochategui.com\/de\/wp-json\/wp\/v2\/pages"}],"about":[{"href":"https:\/\/clinicagorrochategui.com\/de\/wp-json\/wp\/v2\/types\/page"}],"author":[{"embeddable":true,"href":"https:\/\/clinicagorrochategui.com\/de\/wp-json\/wp\/v2\/users\/1"}],"replies":[{"embeddable":true,"href":"https:\/\/clinicagorrochategui.com\/de\/wp-json\/wp\/v2\/comments?post=1882"}],"version-history":[{"count":0,"href":"https:\/\/clinicagorrochategui.com\/de\/wp-json\/wp\/v2\/pages\/1882\/revisions"}],"wp:attachment":[{"href":"https:\/\/clinicagorrochategui.com\/de\/wp-json\/wp\/v2\/media?parent=1882"}],"curies":[{"name":"wp","href":"https:\/\/api.w.org\/{rel}","templated":true}]}}