{"id":614,"date":"2021-09-28T13:23:19","date_gmt":"2021-09-28T13:23:19","guid":{"rendered":"https:\/\/insurance.liquid-themes.com\/elementor\/?page_id=614"},"modified":"2025-07-12T10:08:19","modified_gmt":"2025-07-12T08:08:19","slug":"contacto","status":"publish","type":"page","link":"https:\/\/clinicagorrochategui.com\/de\/contacto\/","title":{"rendered":"Kontakt"},"content":{"rendered":"<div data-elementor-type=\"wp-page\" data-elementor-id=\"614\" class=\"elementor elementor-614\" data-elementor-settings=\"{&quot;ha_cmc_init_switcher&quot;:&quot;no&quot;}\" data-elementor-post-type=\"page\">\n\t\t\t\t\t\t<section class=\"elementor-section elementor-top-section elementor-element elementor-element-13b032d elementor-section-boxed elementor-section-height-default elementor-section-height-default\" data-id=\"13b032d\" data-element_type=\"section\" data-e-type=\"section\" data-settings=\"{&quot;_ha_eqh_enable&quot;:false}\">\n\t\t\t\t\t\t<div class=\"elementor-container elementor-column-gap-extended\">\n\t\t\t\t\t<div class=\"elementor-column elementor-col-100 elementor-top-column elementor-element elementor-element-9ff3b72\" data-id=\"9ff3b72\" data-element_type=\"column\" data-e-type=\"column\">\n\t\t\t<div class=\"elementor-widget-wrap elementor-element-populated\">\n\t\t\t\t\t\t<div class=\"elementor-element elementor-element-28cfb34 elementor-widget-divider--view-line_text elementor-widget-divider--element-align-left elementor-widget elementor-widget-divider\" data-id=\"28cfb34\" data-element_type=\"widget\" data-e-type=\"widget\" data-widget_type=\"divider.default\">\n\t\t\t\t<div class=\"elementor-widget-container\">\n\t\t\t\t\t\t\t<div class=\"elementor-divider\">\n\t\t\t<span class=\"elementor-divider-separator\">\n\t\t\t\t\t\t\t<h6 class=\"elementor-divider__text elementor-divider__element\">\n\t\t\t\tKontaktinformationen\t\t\t\t<\/h6>\n\t\t\t\t\t\t<\/span>\n\t\t<\/div>\n\t\t\t\t\t\t<\/div>\n\t\t\t\t<\/div>\n\t\t\t\t\t<\/div>\n\t\t<\/div>\n\t\t\t\t<div class=\"elementor-column elementor-col-100 elementor-top-column elementor-element elementor-element-66bc5da\" data-id=\"66bc5da\" data-element_type=\"column\" data-e-type=\"column\">\n\t\t\t<div class=\"elementor-widget-wrap elementor-element-populated\">\n\t\t\t\t\t\t<div class=\"elementor-element elementor-element-4a22c20 elementor-widget elementor-widget-hub_fancy_heading\" data-id=\"4a22c20\" data-element_type=\"widget\" data-e-type=\"widget\" data-widget_type=\"hub_fancy_heading.default\">\n\t\t\t\t<div class=\"elementor-widget-container\">\n\t\t\t\t\t\n\t\t<div id=\"ld-fancy-heading-69e36470468a9\" class=\"ld-fancy-heading pos-rel\">\n\t\t\t<h2 class=\"ld-fh-element d-inline-block pos-rel  elementor-heading-title lqd-highlight-classic lqd-highlight-grow-left h2\"  > Wir sind hier, um Ihnen zu helfen<\/h2>\t\t<\/div>\n\n\t\t\t\t\t\t<\/div>\n\t\t\t\t<\/div>\n\t\t\t\t<div class=\"elementor-element elementor-element-f42d25b elementor-widget elementor-widget-hub_fancy_heading\" data-id=\"f42d25b\" data-element_type=\"widget\" data-e-type=\"widget\" data-widget_type=\"hub_fancy_heading.default\">\n\t\t\t\t<div class=\"elementor-widget-container\">\n\t\t\t\t\t\n\t\t<div id=\"ld-fancy-heading-69e3647047eba\" class=\"ld-fancy-heading pos-rel\">\n\t\t\t<p class=\"ld-fh-element d-inline-block pos-rel  lqd-highlight-classic lqd-highlight-grow-left p translation-block\"  >In der <b>Podologieklinik Gorrochategui <\/b>bieten wir Ihnen eine enge, professionelle und pers\u00f6nliche Betreuung. Wenn Sie Fragen haben, weitere Informationen ben\u00f6tigen oder einen Termin vereinbaren m\u00f6chten, helfen wir Ihnen gerne weiter.<\/p>\t\t<\/div>\n\n\t\t\t\t\t\t<\/div>\n\t\t\t\t<\/div>\n\t\t\t\t\t<\/div>\n\t\t<\/div>\n\t\t\t\t<div class=\"elementor-column elementor-col-100 elementor-top-column elementor-element elementor-element-04241b7\" data-id=\"04241b7\" data-element_type=\"column\" data-e-type=\"column\">\n\t\t\t<div class=\"elementor-widget-wrap elementor-element-populated\">\n\t\t\t\t\t\t<div class=\"elementor-element elementor-element-ec683a3 elementor-widget elementor-widget-hub_fancy_heading\" data-id=\"ec683a3\" data-element_type=\"widget\" data-e-type=\"widget\" data-widget_type=\"hub_fancy_heading.default\">\n\t\t\t\t<div class=\"elementor-widget-container\">\n\t\t\t\t\t\n\t\t<div id=\"ld-fancy-heading-69e3647049129\" class=\"ld-fancy-heading pos-rel\">\n\t\t\t<h2 class=\"ld-fh-element d-inline-block pos-rel  elementor-heading-title lqd-highlight-classic lqd-highlight-grow-left h2\"  > Kontaktdaten<\/h2>\t\t<\/div>\n\n\t\t\t\t\t\t<\/div>\n\t\t\t\t<\/div>\n\t\t\t\t<div class=\"elementor-element elementor-element-503f197 elementor-widget elementor-widget-hub_fancy_heading\" data-id=\"503f197\" data-element_type=\"widget\" data-e-type=\"widget\" data-widget_type=\"hub_fancy_heading.default\">\n\t\t\t\t<div class=\"elementor-widget-container\">\n\t\t\t\t\t\n\t\t<div id=\"ld-fancy-heading-69e364704a313\" class=\"ld-fancy-heading pos-rel\">\n\t\t\t<p class=\"ld-fh-element d-inline-block pos-rel  lqd-highlight-classic lqd-highlight-grow-left p\"  > Telefon 639 205 286<\/p>\t\t<\/div>\n\n\t\t\t\t\t\t<\/div>\n\t\t\t\t<\/div>\n\t\t\t\t<div class=\"elementor-element elementor-element-07ad25c elementor-widget elementor-widget-hub_fancy_heading\" data-id=\"07ad25c\" data-element_type=\"widget\" data-e-type=\"widget\" data-widget_type=\"hub_fancy_heading.default\">\n\t\t\t\t<div class=\"elementor-widget-container\">\n\t\t\t\t\t\n\t\t<div id=\"ld-fancy-heading-69e364704b572\" class=\"ld-fancy-heading pos-rel\">\n\t\t\t<p class=\"ld-fh-element d-inline-block pos-rel  lqd-highlight-classic lqd-highlight-grow-left p\"  > Montag - Freitag 9:30 - 20:30<\/p>\t\t<\/div>\n\n\t\t\t\t\t\t<\/div>\n\t\t\t\t<\/div>\n\t\t\t\t<div class=\"elementor-element elementor-element-e9dd320 elementor-widget elementor-widget-hub_fancy_heading\" data-id=\"e9dd320\" data-element_type=\"widget\" data-e-type=\"widget\" data-widget_type=\"hub_fancy_heading.default\">\n\t\t\t\t<div class=\"elementor-widget-container\">\n\t\t\t\t\t\n\t\t<div id=\"ld-fancy-heading-69e364704c720\" class=\"ld-fancy-heading pos-rel\">\n\t\t\t<p class=\"ld-fh-element d-inline-block pos-rel  lqd-highlight-classic lqd-highlight-grow-left p\"  > N\u00fa\u00f1ez de Balboa, 107<br>Consulta 201 - 28006 Madrid<\/p>\t\t<\/div>\n\n\t\t\t\t\t\t<\/div>\n\t\t\t\t<\/div>\n\t\t\t\t<div class=\"elementor-element elementor-element-216964f elementor-widget elementor-widget-hub_fancy_heading\" data-id=\"216964f\" data-element_type=\"widget\" data-e-type=\"widget\" data-widget_type=\"hub_fancy_heading.default\">\n\t\t\t\t<div class=\"elementor-widget-container\">\n\t\t\t\t\t\n\t\t<div id=\"ld-fancy-heading-69e364704d8bb\" class=\"ld-fancy-heading pos-rel\">\n\t\t\t<h6 class=\"ld-fh-element d-inline-block pos-rel  elementor-heading-title lqd-highlight-classic lqd-highlight-grow-left h6\"  > info@clinicagorrochategui.com<\/h6>\t\t<\/div>\n\n\t\t\t\t\t\t<\/div>\n\t\t\t\t<\/div>\n\t\t\t\t\t<\/div>\n\t\t<\/div>\n\t\t\t\t<div class=\"elementor-column elementor-col-100 elementor-top-column elementor-element elementor-element-da5ca62\" data-id=\"da5ca62\" data-element_type=\"column\" data-e-type=\"column\">\n\t\t\t<div class=\"elementor-widget-wrap elementor-element-populated\">\n\t\t\t\t\t\t<div class=\"elementor-element elementor-element-6519f1a elementor-widget elementor-widget-ld_fancy_image\" data-id=\"6519f1a\" data-element_type=\"widget\" data-e-type=\"widget\" data-widget_type=\"ld_fancy_image.default\">\n\t\t\t\t<div class=\"elementor-widget-container\">\n\t\t\t\t\t\n\t\t<div class=\"lqd-imggrp-single d-block pos-rel\">\n\t\t\t<div class=\"lqd-imggrp-img-container d-inline-flex pos-rel align-items-center justify-content-center\">\n\t\t\t\t\t\t\t\t<figure class=\"w-100 pos-rel\">\n\t\t\t\t\t<img fetchpriority=\"high\" decoding=\"async\" width=\"1027\" height=\"618\" src=\"https:\/\/clinicagorrochategui.com\/wp-content\/uploads\/2025\/06\/como-llegar-clinica-podologia-barrio-salamanca.jpg\" class=\"attachment-full size-full wp-image-1391\" alt=\"\" srcset=\"https:\/\/clinicagorrochategui.com\/wp-content\/uploads\/2025\/06\/como-llegar-clinica-podologia-barrio-salamanca.jpg 1027w, https:\/\/clinicagorrochategui.com\/wp-content\/uploads\/2025\/06\/como-llegar-clinica-podologia-barrio-salamanca-300x181.jpg 300w, https:\/\/clinicagorrochategui.com\/wp-content\/uploads\/2025\/06\/como-llegar-clinica-podologia-barrio-salamanca-1024x616.jpg 1024w, https:\/\/clinicagorrochategui.com\/wp-content\/uploads\/2025\/06\/como-llegar-clinica-podologia-barrio-salamanca-18x12.jpg 18w\" sizes=\"(max-width: 1027px) 100vw, 1027px\" itemprop=\"image\" \/>\t\t\t\t\t\t\t\t\t\t\t\t\t\t\t\t\t\t\t\t\t\t\t\t\t\t\t\t\t<\/figure>\n\t\t\t<\/div>\n\t\t<\/div>\n\n\t\t\t\t\t<\/div>\n\t\t\t\t<\/div>\n\t\t\t\t\t<\/div>\n\t\t<\/div>\n\t\t\t\t\t<\/div>\n\t\t<\/section>\n\t\t\t\t<section class=\"elementor-section elementor-top-section elementor-element elementor-element-09bf887 elementor-section-boxed elementor-section-height-default elementor-section-height-default\" data-id=\"09bf887\" data-element_type=\"section\" data-e-type=\"section\" data-settings=\"{&quot;_ha_eqh_enable&quot;:false}\">\n\t\t\t\t\t\t<div class=\"elementor-container elementor-column-gap-extended\">\n\t\t\t\t\t<div class=\"elementor-column elementor-col-100 elementor-top-column elementor-element elementor-element-24bfdea\" data-id=\"24bfdea\" data-element_type=\"column\" data-e-type=\"column\">\n\t\t\t<div class=\"elementor-widget-wrap elementor-element-populated\">\n\t\t\t\t\t\t<div class=\"elementor-element elementor-element-742360e elementor-widget elementor-widget-text-editor\" data-id=\"742360e\" data-element_type=\"widget\" data-e-type=\"widget\" data-widget_type=\"text-editor.default\">\n\t\t\t\t<div class=\"elementor-widget-container\">\n\t\t\t\t\t\t\t\t\t<ul><li><span style=\"font-family: arial, sans-serif;\"><a name=\"_Hlk201683493\"><\/a><b>Verantwortlicher: <\/b>Lourdes Gorrochategui Navas.\u00a0<\/span><\/li><li><b>Rechtsgrundlage: <\/b>Die Verarbeitung ist erforderlich f\u00fcr Zwecke der pr\u00e4ventiven Medizin aufgrund eines Vertrags mit einem Gesundheitsfachmann gem\u00e4\u00df Artikel 9.2.h) der DSGVO.<\/li><li><b>Zweck:\u00a0<\/b>Verwaltung von Terminen<\/li><li><span style=\"font-family: arial, sans-serif;\"><b>Datenkategorien: <\/b>Name und Nachname sowie Telefonnummer<\/span><\/li><li class=\"translation-block\"><b>Rechte: <\/b> Sie haben das Recht auf Zugang zu Ihren personenbezogenen Daten, auf Berichtigung ungenauer oder unvollst\u00e4ndiger Daten, auf L\u00f6schung, wenn diese f\u00fcr den Zweck, zu dem sie erhoben wurden, nicht mehr erforderlich sind, auf Einschr\u00e4nkung der Verarbeitung, auf Widerspruch hiergegen, auf Daten\u00fcbertragbarkeit und darauf, nicht Gegenstand automatisierter individueller Entscheidungen zu sein. Sie k\u00f6nnen Ihre Rechte aus\u00fcben, indem Sie eine Nachricht an die folgende E-Mail-Adresse info@clinicagorrochategui.com senden. Wenn der Verantwortliche der Verarbeitung begr\u00fcndete Zweifel an der Identit\u00e4t der Person hat, die den Antrag stellt, kann er sie auffordern, zus\u00e4tzliche Informationen zur Best\u00e4tigung ihrer Identit\u00e4t bereitzustellen.<\/li><li><b>Aufbewahrung:<\/b>Die personenbezogenen Daten werden so lange aufbewahrt, wie es erforderlich ist, um den Zweck zu erf\u00fcllen, f\u00fcr den sie erhoben wurden.\u00a0<\/li><li><b>Weitere Informationen:<\/b>\u00a0Datenschutzerkl\u00e4rung<\/li><\/ul>\t\t\t\t\t\t\t\t<\/div>\n\t\t\t\t<\/div>\n\t\t\t\t\t<\/div>\n\t\t<\/div>\n\t\t\t\t\t<\/div>\n\t\t<\/section>\n\t\t\t\t<section class=\"elementor-section elementor-top-section elementor-element elementor-element-7f32758 elementor-section-full_width elementor-section-height-default elementor-section-height-default\" data-id=\"7f32758\" data-element_type=\"section\" data-e-type=\"section\" data-settings=\"{&quot;_ha_eqh_enable&quot;:false}\">\n\t\t\t\t\t\t<div class=\"elementor-container elementor-column-gap-no\">\n\t\t\t\t\t<div class=\"elementor-column elementor-col-100 elementor-top-column elementor-element elementor-element-d41f332\" data-id=\"d41f332\" data-element_type=\"column\" data-e-type=\"column\">\n\t\t\t<div class=\"elementor-widget-wrap elementor-element-populated\">\n\t\t\t\t\t\t<div class=\"elementor-element elementor-element-47b760f elementor-widget elementor-widget-google_maps\" data-id=\"47b760f\" data-element_type=\"widget\" data-e-type=\"widget\" data-widget_type=\"google_maps.default\">\n\t\t\t\t<div class=\"elementor-widget-container\">\n\t\t\t\t\t\t\t<div class=\"elementor-custom-embed\">\n\t\t\t<iframe loading=\"lazy\"\n\t\t\t\t\tsrc=\"https:\/\/maps.google.com\/maps?q=Consulta%20201%2C%20Calle%20de%20N%C3%BA%C3%B1ez%20de%20Balboa%2C%20107%2C%202%C2%AA%20planta%2C%20Salamanca%2C%2028006%20Madrid&#038;t=m&#038;z=15&#038;output=embed&#038;iwloc=near\"\n\t\t\t\t\ttitle=\"Consulta 201, Calle de N\u00fa\u00f1ez de Balboa, 107, 2\u00aa planta, Salamanca, 28006 Madrid\"\n\t\t\t\t\taria-label=\"Consulta 201, Calle de N\u00fa\u00f1ez de Balboa, 107, 2\u00aa planta, Salamanca, 28006 Madrid\"\n\t\t\t><\/iframe>\n\t\t<\/div>\n\t\t\t\t\t\t<\/div>\n\t\t\t\t<\/div>\n\t\t\t\t\t<\/div>\n\t\t<\/div>\n\t\t\t\t\t<\/div>\n\t\t<\/section>\n\t\t<div class=\"elementor-element elementor-element-e8d36c8 e-flex e-con-boxed e-con e-parent\" data-id=\"e8d36c8\" data-element_type=\"container\" data-e-type=\"container\" data-settings=\"{&quot;_ha_eqh_enable&quot;:false}\">\n\t\t\t\t\t<div class=\"e-con-inner\">\n\t\t\t\t<div class=\"elementor-element elementor-element-6e85fcf elementor-widget elementor-widget-spacer\" data-id=\"6e85fcf\" data-element_type=\"widget\" data-e-type=\"widget\" data-widget_type=\"spacer.default\">\n\t\t\t\t<div class=\"elementor-widget-container\">\n\t\t\t\t\t\t\t<div class=\"elementor-spacer\">\n\t\t\t<div class=\"elementor-spacer-inner\"><\/div>\n\t\t<\/div>\n\t\t\t\t\t\t<\/div>\n\t\t\t\t<\/div>\n\t\t\t\t\t<\/div>\n\t\t\t\t<\/div>\n\t\t\t\t<\/div>","protected":false},"excerpt":{"rendered":"<p>Informaci\u00f3n de contacto Estamos aqu\u00ed para ayudarte En la Cl\u00ednica de Podolog\u00eda Gorrochategui te ofrecemos una atenci\u00f3n cercana, profesional y personalizada. Si tienes cualquier duda, necesitas m\u00e1s informaci\u00f3n o deseas concertar una cita, estaremos encantados de atenderte. Datos de contacto Tel\u00e9fono 639 205 286 Lunes &#8211; Viernes 9:30 &#8211; 20:30 N\u00fa\u00f1ez de Balboa, 107Consulta 201 [&hellip;]<\/p>\n","protected":false},"author":1,"featured_media":0,"parent":0,"menu_order":0,"comment_status":"closed","ping_status":"closed","template":"","meta":{"inline_featured_image":false,"footnotes":""},"class_list":["post-614","page","type-page","status-publish","hentry"],"_links":{"self":[{"href":"https:\/\/clinicagorrochategui.com\/de\/wp-json\/wp\/v2\/pages\/614","targetHints":{"allow":["GET"]}}],"collection":[{"href":"https:\/\/clinicagorrochategui.com\/de\/wp-json\/wp\/v2\/pages"}],"about":[{"href":"https:\/\/clinicagorrochategui.com\/de\/wp-json\/wp\/v2\/types\/page"}],"author":[{"embeddable":true,"href":"https:\/\/clinicagorrochategui.com\/de\/wp-json\/wp\/v2\/users\/1"}],"replies":[{"embeddable":true,"href":"https:\/\/clinicagorrochategui.com\/de\/wp-json\/wp\/v2\/comments?post=614"}],"version-history":[{"count":0,"href":"https:\/\/clinicagorrochategui.com\/de\/wp-json\/wp\/v2\/pages\/614\/revisions"}],"wp:attachment":[{"href":"https:\/\/clinicagorrochategui.com\/de\/wp-json\/wp\/v2\/media?parent=614"}],"curies":[{"name":"wp","href":"https:\/\/api.w.org\/{rel}","templated":true}]}}