{"id":1882,"date":"2025-06-09T16:42:56","date_gmt":"2025-06-09T14:42:56","guid":{"rendered":"https:\/\/clinicagorrochategui.nerade.com\/?page_id=1882"},"modified":"2025-06-30T11:11:35","modified_gmt":"2025-06-30T09:11:35","slug":"pie-diabetico","status":"publish","type":"page","link":"https:\/\/clinicagorrochategui.com\/en\/pie-diabetico\/","title":{"rendered":"Diabetic Footcare"},"content":{"rendered":"<div data-elementor-type=\"wp-page\" data-elementor-id=\"1882\" class=\"elementor elementor-1882\" data-elementor-settings=\"{&quot;ha_cmc_init_switcher&quot;:&quot;no&quot;}\" data-elementor-post-type=\"page\">\n\t\t\t\t\t\t<section class=\"elementor-section elementor-top-section elementor-element elementor-element-100bd8a5 elementor-section-boxed elementor-section-height-default elementor-section-height-default\" data-id=\"100bd8a5\" data-element_type=\"section\" data-e-type=\"section\" data-settings=\"{&quot;_ha_eqh_enable&quot;:false}\">\n\t\t\t\t\t\t<div class=\"elementor-container elementor-column-gap-default\">\n\t\t\t\t\t<div class=\"elementor-column elementor-col-100 elementor-top-column elementor-element elementor-element-231f3078\" data-id=\"231f3078\" data-element_type=\"column\" data-e-type=\"column\">\n\t\t\t<div class=\"elementor-widget-wrap elementor-element-populated\">\n\t\t\t\t\t\t<div class=\"elementor-element elementor-element-351cbdd elementor-widget elementor-widget-text-editor\" data-id=\"351cbdd\" data-element_type=\"widget\" data-e-type=\"widget\" data-widget_type=\"text-editor.default\">\n\t\t\t\t<div class=\"elementor-widget-container\">\n\t\t\t\t\t\t\t\t\t<p class=\"translation-block\">Diabetes Mellitus, commonly known as diabetes is a metabolic disease characterized by elevated blood sugar levels (hyperglycemia) typically caused by a reduced level of insulin.<\/p><p class=\"translation-block\">One of the most devastating consequences of diabetes is the \u201cdiabetic foot syndrome\u201d, in which the infection and destruction of deep tissues of the foot occurs, generating the so-called \u201cdiabetic foot ulcers\u201d, which are very difficult to cure. At worst cases, this can lead up to amputation.<\/p>\t\t\t\t\t\t\t\t<\/div>\n\t\t\t\t<\/div>\n\t\t\t\t<div class=\"elementor-element elementor-element-0dc878a elementor-widget elementor-widget-spacer\" data-id=\"0dc878a\" data-element_type=\"widget\" data-e-type=\"widget\" data-widget_type=\"spacer.default\">\n\t\t\t\t<div class=\"elementor-widget-container\">\n\t\t\t\t\t\t\t<div class=\"elementor-spacer\">\n\t\t\t<div class=\"elementor-spacer-inner\"><\/div>\n\t\t<\/div>\n\t\t\t\t\t\t<\/div>\n\t\t\t\t<\/div>\n\t\t\t\t<div class=\"elementor-element elementor-element-8c99580 elementor-widget elementor-widget-image-gallery\" data-id=\"8c99580\" data-element_type=\"widget\" data-e-type=\"widget\" data-widget_type=\"image-gallery.default\">\n\t\t\t\t<div class=\"elementor-widget-container\">\n\t\t\t\t\t\t\t<div class=\"elementor-image-gallery\">\n\t\t\t<div id='gallery-1' class='gallery galleryid-1882 gallery-columns-1 gallery-size-full'><figure class='gallery-item'>\n\t\t\t<div class='gallery-icon landscape'>\n\t\t\t\t<a data-elementor-open-lightbox=\"yes\" data-elementor-lightbox-slideshow=\"8c99580\" data-elementor-lightbox-title=\"tratamiento-pie-diabetico-clinica-barrio-salamanca\" data-e-action-hash=\"#elementor-action%3Aaction%3Dlightbox%26settings%3DeyJpZCI6MTEzMCwidXJsIjoiaHR0cHM6XC9cL2NsaW5pY2Fnb3Jyb2NoYXRlZ3VpLmNvbVwvd3AtY29udGVudFwvdXBsb2Fkc1wvMjAyNVwvMDZcL3RyYXRhbWllbnRvLXBpZS1kaWFiZXRpY28tY2xpbmljYS1iYXJyaW8tc2FsYW1hbmNhLmpwZyIsInNsaWRlc2hvdyI6IjhjOTk1ODAifQ%3D%3D\" href='https:\/\/clinicagorrochategui.com\/wp-content\/uploads\/2025\/06\/tratamiento-pie-diabetico-clinica-barrio-salamanca.jpg'><img fetchpriority=\"high\" decoding=\"async\" width=\"600\" height=\"400\" src=\"https:\/\/clinicagorrochategui.com\/wp-content\/uploads\/2025\/06\/tratamiento-pie-diabetico-clinica-barrio-salamanca.jpg\" class=\"attachment-full size-full\" alt=\"\" srcset=\"https:\/\/clinicagorrochategui.com\/wp-content\/uploads\/2025\/06\/tratamiento-pie-diabetico-clinica-barrio-salamanca.jpg 600w, https:\/\/clinicagorrochategui.com\/wp-content\/uploads\/2025\/06\/tratamiento-pie-diabetico-clinica-barrio-salamanca-300x200.jpg 300w, https:\/\/clinicagorrochategui.com\/wp-content\/uploads\/2025\/06\/tratamiento-pie-diabetico-clinica-barrio-salamanca-18x12.jpg 18w\" sizes=\"(max-width: 600px) 100vw, 600px\" itemprop=\"image\" \/><\/a>\n\t\t\t<\/div><\/figure>\n\t\t<\/div>\n\t\t<\/div>\n\t\t\t\t\t\t<\/div>\n\t\t\t\t<\/div>\n\t\t\t\t<div class=\"elementor-element elementor-element-4116b11 elementor-widget elementor-widget-spacer\" data-id=\"4116b11\" data-element_type=\"widget\" data-e-type=\"widget\" data-widget_type=\"spacer.default\">\n\t\t\t\t<div class=\"elementor-widget-container\">\n\t\t\t\t\t\t\t<div class=\"elementor-spacer\">\n\t\t\t<div class=\"elementor-spacer-inner\"><\/div>\n\t\t<\/div>\n\t\t\t\t\t\t<\/div>\n\t\t\t\t<\/div>\n\t\t\t\t<div class=\"elementor-element elementor-element-cd492b5 elementor-widget elementor-widget-text-editor\" data-id=\"cd492b5\" data-element_type=\"widget\" data-e-type=\"widget\" data-widget_type=\"text-editor.default\">\n\t\t\t\t<div class=\"elementor-widget-container\">\n\t\t\t\t\t\t\t\t\t<h3>Prevention and treatment of diabetic foot<\/h3><p>In addition to a metabolic control of the disease, the prevention and control through regular visits at a podiatrist is important; this can lead to discover risk factors and take corrective actions in order to minimize the risk that an uninjured foot becomes a diabetic foot with ulceration.<\/p><p>For diabetic patients we recommend to conduct a first review, which takes about 3\/4 to 1-hour time with the following protocol:<\/p><ul><li>Recording of the clinical disease history and collection of all relevant data thereof\nQuestionnaire about pain in the lower extremities, numbness, tingling, etc..<\/li><li>Assessment of both, sensory and motor neuropathy<\/li><li>Vascular Assessment<\/li><\/ul><p>The purpose of this protocol is to detect in which risk-group each diabetic patient belongs to. Depending on the group, the frequency of future checks will vary. For high-risk patients with ulceration, monthly checks shall be performed and for patients at low risk, an annual control may be sufficient.<\/p><p class=\"translation-block\">At the end of the visit, following the protocol, a chiropody (nail trimming and delamination of hyperkeratosis) is performed, recommending to the patient the need for a biomechanical examination, if it is considered relevant to prevent the appearance of ulcers.<\/p>\t\t\t\t\t\t\t\t<\/div>\n\t\t\t\t<\/div>\n\t\t\t\t<div class=\"elementor-element elementor-element-4e40ebec elementor-widget-divider--view-line elementor-widget elementor-widget-divider\" data-id=\"4e40ebec\" data-element_type=\"widget\" data-e-type=\"widget\" data-widget_type=\"divider.default\">\n\t\t\t\t<div class=\"elementor-widget-container\">\n\t\t\t\t\t\t\t<div class=\"elementor-divider\">\n\t\t\t<span class=\"elementor-divider-separator\">\n\t\t\t\t\t\t<\/span>\n\t\t<\/div>\n\t\t\t\t\t\t<\/div>\n\t\t\t\t<\/div>\n\t\t\t\t\t<\/div>\n\t\t<\/div>\n\t\t\t\t\t<\/div>\n\t\t<\/section>\n\t\t\t\t<\/div>","protected":false},"excerpt":{"rendered":"<p>La Diabetes Mellitus, m\u00e1s conocida como diabetes, es una enfermedad metab\u00f3lica que se caracteriza por elevados niveles de az\u00facar en sangre (hiperglucemia) por defecto en la secreci\u00f3n o en la acci\u00f3n de la insulina. Una de las consecuencias m\u00e1s devastadoras de la diabetes es el llamado s\u00edndrome del pie diab\u00e9tico, en el que se produce [&hellip;]<\/p>\n","protected":false},"author":1,"featured_media":0,"parent":0,"menu_order":0,"comment_status":"closed","ping_status":"closed","template":"","meta":{"inline_featured_image":false,"footnotes":""},"class_list":["post-1882","page","type-page","status-publish","hentry"],"_links":{"self":[{"href":"https:\/\/clinicagorrochategui.com\/en\/wp-json\/wp\/v2\/pages\/1882","targetHints":{"allow":["GET"]}}],"collection":[{"href":"https:\/\/clinicagorrochategui.com\/en\/wp-json\/wp\/v2\/pages"}],"about":[{"href":"https:\/\/clinicagorrochategui.com\/en\/wp-json\/wp\/v2\/types\/page"}],"author":[{"embeddable":true,"href":"https:\/\/clinicagorrochategui.com\/en\/wp-json\/wp\/v2\/users\/1"}],"replies":[{"embeddable":true,"href":"https:\/\/clinicagorrochategui.com\/en\/wp-json\/wp\/v2\/comments?post=1882"}],"version-history":[{"count":0,"href":"https:\/\/clinicagorrochategui.com\/en\/wp-json\/wp\/v2\/pages\/1882\/revisions"}],"wp:attachment":[{"href":"https:\/\/clinicagorrochategui.com\/en\/wp-json\/wp\/v2\/media?parent=1882"}],"curies":[{"name":"wp","href":"https:\/\/api.w.org\/{rel}","templated":true}]}}