{"id":2193,"date":"2025-06-25T17:30:36","date_gmt":"2025-06-25T15:30:36","guid":{"rendered":"https:\/\/clinicagorrochategui.nerade.com\/?page_id=2193"},"modified":"2025-06-27T10:26:17","modified_gmt":"2025-06-27T08:26:17","slug":"aviso-legal","status":"publish","type":"page","link":"https:\/\/clinicagorrochategui.com\/en\/aviso-legal\/","title":{"rendered":"Aviso Legal"},"content":{"rendered":"<h3 class=\"wp-block-heading\"><strong>E. Aviso Legal para sitio web<\/strong><\/h3>\n\n\n\n<p>Rogamos dedique el tiempo necesario para leer este Aviso Legal con detenimiento.<\/p>\n\n\n\n<h3 class=\"wp-block-heading\"><strong>1.- Responsable del sitio web\u00a0<\/strong><\/h3>\n\n\n\n<p>En cumplimiento de lo dispuesto en el art\u00edculo 10 de la Ley 34\/2002, de 11 de julio, de Servicios de la Sociedad de la Informaci\u00f3n y de Comercio Electr\u00f3nico, procedemos a identificar a la persona responsable de este sitio web:<\/p>\n\n\n\n<ul class=\"wp-block-list\">\n<li>Lourdes Gorrochategui Navas\u00a0<\/li>\n\n\n\n<li>C\/ N\u00fa\u00f1ez de Balboa, 107 &#8211; C. 20, C.P. 28.006, Madrid<\/li>\n\n\n\n<li>Tfno. 639.205.286<\/li>\n\n\n\n<li><a href=\"mailto:lourdes.gorrochategui@gmail.com\">lourdes.gorroch<\/a><a href=\"mailto:ategui@gmail.com\">ategui@gmail.com<\/a><\/li>\n\n\n\n<li class=\"translation-block\"><strong>Graduated in Podiatry<\/strong> and <strong>degree in Biological Sciences<\/strong>.<\/li>\n\n\n\n<li>Colegiada n\u00ba 838282653 en el Ilustre Colegio Profesional de Podolog\u00eda de la Comunidad de Madrid.<\/li>\n\n\n\n<li>Se encuentra sujeta al C\u00f3digo Deontol\u00f3gico del Consejo General de Podolog\u00eda de Espa\u00f1a.<\/li>\n\n\n\n<li>Registro n\u00ba CS13344 de la Consejer\u00eda de Sanidad de la Comunidad de Madrid.<\/li>\n<\/ul>\n\n\n\n<h3 class=\"wp-block-heading\"><strong>2.- Acesso y condiciones de uso\u00a0<\/strong><\/h3>\n\n\n\n<p>El acceso a este sitio web es voluntario, gratuito y no exige suscripci\u00f3n ni registro previo. Dicho acceso atribuye a quien lo realiza la condici\u00f3n de USUARIO.<\/p>\n\n\n\n<p>La navegaci\u00f3n por este sitio web implica conocer y aceptar \u2013plenamente y sin reserva alguna\u2013 las advertencias legales, condiciones y t\u00e9rminos de uso previstos en este apartado, as\u00ed como en la Pol\u00edtica de Privacidad y Pol\u00edtica de Cookies.<\/p>\n\n\n\n<p>El mero acceso no implica el establecimiento de ning\u00fan tipo de relaci\u00f3n entre el usuario y la persona responsable del sitio web.<\/p>\n\n\n\n<p>La responsable del sitio web podr\u00e1 a su sola discreci\u00f3n, denegar, retirar, suspender y bloquear en cualquier momento, sin necesidad de previo aviso, el acceso a la informaci\u00f3n y servicios a aquellos usuarios que incumplan las presentes normas o la legalidad.<\/p>\n\n\n\n<p>Es su responsabilidad leer atentamente este Aviso Legal, as\u00ed como la Pol\u00edtica de Privacidad y la Pol\u00edtica de Cookies. Si no est\u00e1 de acuerdo con ellas, y no desea estar obligado por las mismas, no est\u00e1 autorizado a usar este sitio web, y si lo hace es bajo su responsabilidad.&nbsp;<\/p>\n\n\n\n<h3 class=\"wp-block-heading\"><strong>3.- Propiedad industrial e intelectual\u00a0<\/strong><\/h3>\n\n\n\n<p>La marca, incluido el logotipo, est\u00e1n registrados en la Oficina Espa\u00f1ola de Patentes y Marcas con el n\u00ba 3.553.569.&nbsp;<\/p>\n\n\n\n<p>El dominio, dise\u00f1o, im\u00e1genes propias y dem\u00e1s signos distintivos de este sitio web se encuentran protegidos por la normativa de propiedad industrial, as\u00ed como su contenido por la normativa de propiedad intelectual, siendo los derechos de la responsable del sitio web. La infracci\u00f3n de dichos derechos es constitutiva de delito (art. 270 y ss. del CP).&nbsp;<\/p>\n\n\n\n<p>El acceso al sitio web no implica ning\u00fan tipo de renuncia, transmisi\u00f3n, licencia o cesi\u00f3n de derechos por la responsable del sitio web, salvo que disponga expresamente lo contrario. El usuario se compromete a no reproducir, copiar, distribuir, poner a disposici\u00f3n o de cualquier otra forma comunicar p\u00fablicamente, transformar o modificar tales contenidos.&nbsp;<\/p>\n\n\n\n<p>Si el usuario \u2013de manera negligente o dolosa\u2013 incumpliera las obligaciones establecidas en las presentes condiciones generales de uso, la responsable del sitio web se reserva las acciones legales por los da\u00f1os y perjuicios ocasionados.<\/p>\n\n\n\n<h3 class=\"wp-block-heading\"><strong>4.- Enlaces y exenciones de responsabilidad<\/strong><\/h3>\n\n\n\n<p>En este sitio web pudiera encontrar enlaces a p\u00e1ginas web independientes con la finalidad de facilitar el acceso a otras fuentes de informaci\u00f3n.<\/p>\n\n\n\n<p>La responsable de este sitio web no asume ninguna responsabilidad por los da\u00f1os y perjuicios que pudieran derivarse del uso de enlaces o directorios que permiten a los usuarios acceder a sitios web pertenecientes a terceros.&nbsp;<\/p>\n\n\n\n<p>Tampoco se responsabiliza de las p\u00e9rdidas de informaci\u00f3n, accesos indebidos o vulneraci\u00f3n de la confidencialidad con origen en terceros, ni responder\u00e1 de los da\u00f1os producidos por ataques inform\u00e1ticos o malware que afecten al funcionamiento del sitio web, tras superar las medidas de seguridad implementadas.<\/p>\n\n\n\n<h3 class=\"wp-block-heading\"><strong>5.- Pol\u00edtica de privacidad<\/strong><\/h3>\n\n\n\n<p>Lea detenidamente la Pol\u00edtica de Privacidad para saber c\u00f3mo la responsable del tratamiento utiliza los datos personales de los usuarios y c\u00f3mo ejercer los derechos reconocidos.<\/p>\n\n\n\n<h3 class=\"wp-block-heading\"><strong>6.- Pol\u00edtica de cookies<\/strong><\/h3>\n\n\n\n<p>Este sitio web utiliza cookies para diversas finalidades.&nbsp;<\/p>\n\n\n\n<p>Lea detenidamente nuestra Pol\u00edtica de Cookies para conocer qu\u00e9 tipo de cookies empleamos, c\u00f3mo bloquearlas y borrarlas de su navegador.<\/p>\n\n\n\n<h3 class=\"wp-block-heading\"><strong>7.- Resoluci\u00f3n de conflictos. Cl\u00e1usula de sumisi\u00f3n expresa<\/strong><\/h3>\n\n\n\n<p>Cualquier litigio, controversia o reclamaci\u00f3n relativa a nuestra web y a los servicios ofrecidos a trav\u00e9s de la misma ser\u00e1 sometida, con renuncia a cualquier otro fuero, a la jurisdicci\u00f3n de los Juzgados y Tribunales de Justicia de la ciudad de Madrid.<\/p>","protected":false},"excerpt":{"rendered":"<p>E. Aviso Legal para sitio web Rogamos dedique el tiempo necesario para leer este Aviso Legal con detenimiento. 1.- Responsable del sitio web\u00a0 En cumplimiento de lo dispuesto en el art\u00edculo 10 de la Ley 34\/2002, de 11 de julio, de Servicios de la Sociedad de la Informaci\u00f3n y de Comercio Electr\u00f3nico, procedemos a identificar [&hellip;]<\/p>\n","protected":false},"author":1,"featured_media":0,"parent":0,"menu_order":0,"comment_status":"closed","ping_status":"closed","template":"","meta":{"inline_featured_image":false,"footnotes":""},"class_list":["post-2193","page","type-page","status-publish","hentry"],"_links":{"self":[{"href":"https:\/\/clinicagorrochategui.com\/en\/wp-json\/wp\/v2\/pages\/2193","targetHints":{"allow":["GET"]}}],"collection":[{"href":"https:\/\/clinicagorrochategui.com\/en\/wp-json\/wp\/v2\/pages"}],"about":[{"href":"https:\/\/clinicagorrochategui.com\/en\/wp-json\/wp\/v2\/types\/page"}],"author":[{"embeddable":true,"href":"https:\/\/clinicagorrochategui.com\/en\/wp-json\/wp\/v2\/users\/1"}],"replies":[{"embeddable":true,"href":"https:\/\/clinicagorrochategui.com\/en\/wp-json\/wp\/v2\/comments?post=2193"}],"version-history":[{"count":0,"href":"https:\/\/clinicagorrochategui.com\/en\/wp-json\/wp\/v2\/pages\/2193\/revisions"}],"wp:attachment":[{"href":"https:\/\/clinicagorrochategui.com\/en\/wp-json\/wp\/v2\/media?parent=2193"}],"curies":[{"name":"wp","href":"https:\/\/api.w.org\/{rel}","templated":true}]}}