{"id":3,"date":"2025-05-26T18:26:34","date_gmt":"2025-05-26T16:26:34","guid":{"rendered":"http:\/\/clinicagorrochategui.nerade.com\/?page_id=3"},"modified":"2025-07-01T13:21:54","modified_gmt":"2025-07-01T11:21:54","slug":"politica-privacidad","status":"publish","type":"page","link":"https:\/\/clinicagorrochategui.com\/en\/politica-privacidad\/","title":{"rendered":"Pol\u00edtica de Privacidad"},"content":{"rendered":"<h2 class=\"wp-block-heading\"><strong>E. Pol\u00edtica de Privacidad para sitio web<\/strong><\/h2>\n\n\n\n<p>Rogamos dedique el tiempo necesario para leer detenidamente nuestra Pol\u00edtica de Privacidad, en la que describimos c\u00f3mo recogemos los datos personales y por qu\u00e9 los recogemos, qu\u00e9 hacemos con ellos, con qui\u00e9n los compartimos, c\u00f3mo los protegemos y qu\u00e9 derechos tiene reconocidos por la normativa en materia de protecci\u00f3n de datos personales.<\/p>\n\n\n\n<p>La Pol\u00edtica de Privacidad se ajusta a lo dispuesto en el Reglamento (UE) 2016\/679 del Parlamento Europeo y del Consejo, de&nbsp;27 de abril de 2016, relativo a la protecci\u00f3n de las personas f\u00edsicas en lo que respecta al tratamiento de datos personales y a la libre circulaci\u00f3n de estos datos y por el que se deroga la Directiva&nbsp;95\/46\/CE (Reglamento general de protecci\u00f3n de datos) y en la Ley Org\u00e1nica 3\/2018, de 5 de diciembre, de Protecci\u00f3n de Datos Personales y garant\u00eda de los derechos digitales (LOPDGDD).<\/p>\n\n\n\n<h3 class=\"wp-block-heading\"><strong>1.-\u00a0 Informaci\u00f3n al usuario\u00a0<\/strong><\/h3>\n\n\n\n<p>La pol\u00edtica de protecci\u00f3n de datos personales&nbsp;implantada por la responsable del tratamiento en el seno de su organizaci\u00f3n descansa en el&nbsp;principio de responsabilidad proactiva, seg\u00fan el cual garantiza el cumplimiento del marco normativo y jurisprudencial que gobierna dicha pol\u00edtica, y es capaz de demostrarlo ante las autoridades de control competentes.<\/p>\n\n\n\n<p>La responsable del tratamiento se regir\u00e1 por los siguientes principios:<\/p>\n\n\n\n<ol class=\"wp-block-list\">\n<li>Protecci\u00f3n de datos desde el dise\u00f1o:\u00a0La responsable del tratamiento adoptar\u00e1 medidas t\u00e9cnicas y organizativas adecuadas, como la seudonimizaci\u00f3n, tanto al planificar como al tratar los datos personales. Las medidas de seguridad tienen como objetivo aplicar, de forma efectiva, los principios relativos al tratamiento de datos personales.\u00a0<\/li>\n<\/ol>\n\n\n\n<ol start=\"2\" class=\"wp-block-list\">\n<li>Protecci\u00f3n de datos por defecto:\u00a0La responsable del tratamiento adoptar\u00e1 las medidas t\u00e9cnicas y organizativas adecuadas para garantizar que, por defecto, \u00fanicamente se traten los datos personales que resulten estrictamente necesarios para cada uno de los fines espec\u00edficos del tratamiento. De este modo, se asegura que, tanto la cantidad de datos recogidos como el alcance de su tratamiento, su plazo de conservaci\u00f3n y su accesibilidad, se limiten al m\u00ednimo imprescindible para cumplir con la finalidad prevista.<\/li>\n<\/ol>\n\n\n\n<p>Integridad y confidencialidad:\u00a0Los datos personales ser\u00e1n tratados de manera que se garantice una seguridad adecuada de los datos personales, incluida la protecci\u00f3n contra el tratamiento no autorizado o il\u00edcito y contra su p\u00e9rdida, destrucci\u00f3n o da\u00f1o accidental, mediante la aplicaci\u00f3n de medidas t\u00e9cnicas u organizativas apropiadas.<\/p>\n\n\n\n<p>Protecci\u00f3n de datos en el ciclo de vida de la informaci\u00f3n:\u00a0Las medidas de seguridad destinadas a garantizar la protecci\u00f3n de los datos personales se aplicar\u00e1n a lo largo de todo el ciclo de vida de la informaci\u00f3n, desde su recogida hasta su eliminaci\u00f3n definitiva.<\/p>\n\n\n\n<p>Licitud, lealtad y transparencia:\u00a0Los datos personales ser\u00e1n tratados de forma l\u00edcita, leal y transparente, garantizando el respeto a los derechos e intereses del interesado.\u00a0<\/p>\n\n\n\n<p>Limitaci\u00f3n de la finalidad:\u00a0Los datos personales ser\u00e1n recogidos para fines espec\u00edficos, expl\u00edcitos y leg\u00edtimos, y no ser\u00e1n tratados posteriormente de manera incompatible con dichos prop\u00f3sitos.<\/p>\n\n\n\n<p>Minimizaci\u00f3n de datos:\u00a0Los datos personales ser\u00e1n adecuados, pertinentes y limitados a lo necesario en relaci\u00f3n con los fines para los que son tratados.<\/p>\n\n\n\n<p>Exactitud:\u00a0Los datos personales ser\u00e1n exactos y, si fuera necesario, actualizados; se adoptar\u00e1n todas las medidas razonables para que se supriman o rectifiquen sin dilaci\u00f3n los datos personales que sean inexactos con respecto a los fines para los que se tratan.<\/p>\n\n\n\n<p>Limitaci\u00f3n del plazo de conservaci\u00f3n:\u00a0Los datos personales ser\u00e1n mantenidos de forma que se permita la identificaci\u00f3n de los interesados durante no m\u00e1s tiempo del necesario.<\/p>\n\n\n\n<h3 class=\"wp-block-heading\"><strong>2.- Tipolog\u00eda de datos y procedencia\u00a0<\/strong><\/h3>\n\n\n\n<p>A trav\u00e9s del tel\u00e9fono de contacto, podremos recabar los siguientes datos personales: nombre y apellidos y n\u00famero de tel\u00e9fono para gesti\u00f3n de citas.<\/p>\n\n\n\n<p>Dichos datos ser\u00e1n facilitados por el propio usuario o su representante legal. No tratamos datos personales procedentes de otras fuentes de informaci\u00f3n.&nbsp;<\/p>\n\n\n\n<p>Los datos personales facilitados por el usuario ser\u00e1n veraces, exactos, completos y actualizados, comprometi\u00e9ndose a notificar al responsable del tratamiento cualquier tipo de modificaci\u00f3n que se produzca en los datos que haya facilitado.&nbsp;&nbsp;<\/p>\n\n\n\n<h3 class=\"wp-block-heading\"><strong>3.- Finalidades de las actividades de tratamiento\u00a0<\/strong><\/h3>\n\n\n\n<p>La responsable del tratamiento podr\u00e1 tratar los datos personales facilitados por los usuarios para la gesti\u00f3n y contrataci\u00f3n de los servicios profesionales ofrecidos.<\/p>\n\n\n\n<p>Cuando se proyecte un tratamiento ulterior de datos personales para un fin que no sea aquel para el que se recogieron se proporcionar\u00e1 al usuario, con anterioridad a dicho tratamiento, informaci\u00f3n sobre ese otro fin y cualquier informaci\u00f3n adicional pertinente.<\/p>\n\n\n\n<h3 class=\"wp-block-heading\"><strong>4.- Bases legales que legitiman las actividades de tratamiento<\/strong><\/h3>\n\n\n\n<p>Si el usuario solicita un presupuesto, el tratamiento se amparar\u00e1 en el art\u00edculo 6.1.b) del RGPD, pues es necesario para la aplicaci\u00f3n, a petici\u00f3n del interesado, de medidas precontractuales.&nbsp;<\/p>\n\n\n\n<p>Si el usuario acepta el presupuesto, el tratamiento de datos personales ser\u00e1 necesario para fines de medicina preventiva en virtud de un contrato con un profesional sanitario al amparo del art\u00edculo 9.2.h) del RGPD.<\/p>\n\n\n\n<h3 class=\"wp-block-heading\"><strong>5.- Destinatarios a los que se comunican los datos personales<\/strong><\/h3>\n\n\n\n<p>El destinatario de los datos personales es la responsable del tratamiento que se identifica en el Aviso Legal.<\/p>\n\n\n\n<p>Sus datos personales no ser\u00e1n transferidos ni vendidos a terceros. Tampoco se contempla la realizaci\u00f3n de transferencias a terceros pa\u00edses u organizaciones internacionales.<\/p>\n\n\n\n<h3 class=\"wp-block-heading\"><strong>6.- Derechos del titular de los datos personales<\/strong><\/h3>\n\n\n\n<p>Tiene derecho a acceder a sus datos personales, a rectificar los datos incorrectos o incompletos, a solicitar su supresi\u00f3n cuando dejen de ser necesarios para la finalidad para la que se recabaron, a la limitaci\u00f3n del tratamiento, a oponerse al mismo y a la portabilidad a otro responsable del tratamiento en un formato estructurado, de uso com\u00fan y de lectura mec\u00e1nica. Tambi\u00e9n tiene derecho a no ser objeto de decisiones basadas \u00fanicamente en un tratamiento automatizado, incluida la elaboraci\u00f3n de perfiles. Para el ejercicio de dichos derechos debe identificarse y enviar un mensaje de correo electr\u00f3nico a <a href=\"mailto:info@clinicagorrochategui.com\">info@clinicagorrochategui.com<\/a>.<\/p>\n\n\n\n<p>La responsable del tratamiento tiene derecho a cobrarle los costes administrativos que se deriven de atender a sus solicitudes si estas son manifiestamente infundadas o excesivas, especialmente por repetitivas.<\/p>\n\n\n\n<p>Si no est\u00e1 conforme con el tratamiento dado a sus datos personales puede presentar una reclamaci\u00f3n ante la Agencia Espa\u00f1ola de Protecci\u00f3n de Datos, sita en Calle Jorge Juan n\u00ba 6, C.P. 28.001 \u2013 Madrid o utilizar su sede electr\u00f3nica: https:\/\/sedeagpd.gob.es\/sede-electronica-web\/<\/p>\n\n\n\n<h3 class=\"wp-block-heading\"><strong>7.- Conservaci\u00f3n de los datos personales<\/strong><\/h3>\n\n\n\n<p>Los datos personales se conservar\u00e1n durante el tiempo necesario para cumplir con la finalidad para la que se recabaron. Cumplida esta, se conservar\u00e1n \u2013convenientemente bloqueados\u2013 durante un plazo de cinco a\u00f1os desde la fecha del alta de cada proceso asistencial (art\u00edculo 17 de la Ley 41\/2002, de 14 de noviembre).&nbsp;<\/p>\n\n\n\n<p>El bloqueo de datos implica que la responsable del tratamiento no tendr\u00e1 acceso a sus datos personales y solo los tratar\u00e1 para su puesta a disposici\u00f3n a las Administraciones P\u00fablicas competentes, Jueces y Tribunales o el Ministerio Fiscal, para la atenci\u00f3n de las posibles responsabilidades relacionadas con el tratamiento de datos personales y, en particular, para el ejercicio y la defensa de reclamaciones ante la Agencia Espa\u00f1ola de Protecci\u00f3n de Datos. Cumplido el plazo de conservaci\u00f3n, los datos personales del usuario ser\u00e1n borrados de la base de datos de la responsable del tratamiento. En el caso de tratamientos no automatizados, transcurrido el plazo de conservaci\u00f3n se proceder\u00e1 a la destrucci\u00f3n del soporte.<\/p>\n\n\n\n<p>Si el usuario solicita un presupuesto y no es aceptado, los datos personales facilitados por el interesado ser\u00e1n eliminados o borrados de la base de datos en el plazo de 15 d\u00edas a contar desde el d\u00eda siguiente a la recepci\u00f3n del presupuesto. &nbsp;<\/p>\n\n\n\n<h3 class=\"wp-block-heading\"><strong>8.- Medidas de seguridad\u00a0<\/strong><\/h3>\n\n\n\n<p>La responsable del tratamiento ha adoptado medidas, controles y procedimientos de car\u00e1cter f\u00edsico, organizativo y tecnol\u00f3gico, razonablemente fiables y efectivas, a fin de preservar la confidencialidad, integridad y disponibilidad de los datos personales, evitando su alteraci\u00f3n, p\u00e9rdida, tratamiento o acceso no autorizado, habida cuenta del estado de la tecnolog\u00eda, la naturaleza de los datos almacenados y los riesgos a que est\u00e1n expuestos.<\/p>\n\n\n\n<p>La responsable del tratamiento sigue criterios estrictos de selecci\u00f3n de proveedores de servicios con el fin de dar cumplimiento a sus obligaciones en materia de protecci\u00f3n de datos personales<\/p>\n\n\n\n<h3 class=\"wp-block-heading\"><strong>9.- Actualizaci\u00f3n de la pol\u00edtica de privacidad<\/strong><\/h3>\n\n\n\n<p>La responsable del tratamiento se reserva el derecho de modificar esta pol\u00edtica para adaptarla a futuras novedades legislativas, doctrinales y jurisprudenciales que sean de aplicaci\u00f3n, o por motivos t\u00e9cnicos, operativos, comerciales, corporativos y de negocio.&nbsp;<\/p>\n\n\n\n<p>Se recomienda que, cada vez que acceda a este sitio web, lea con detalle esta pol\u00edtica, ya que cualquier modificaci\u00f3n ser\u00e1 publicada a trav\u00e9s de la misma.<\/p>\n\n\n\n<h3 class=\"wp-block-heading\"><strong>10.- Resoluci\u00f3n de conflictos. cl\u00e1usula de sumisi\u00f3n expresa<\/strong><\/h3>\n\n\n\n<p>Cualquier litigio, controversia o reclamaci\u00f3n relativa a nuestra web y a los servicios ofrecidos a trav\u00e9s de la misma ser\u00e1 sometida, con renuncia a cualquier otro fuero, a la jurisdicci\u00f3n de los Juzgados y Tribunales de Justicia de la ciudad de Madrid.<\/p>","protected":false},"excerpt":{"rendered":"<p>E. Pol\u00edtica de Privacidad para sitio web Rogamos dedique el tiempo necesario para leer detenidamente nuestra Pol\u00edtica de Privacidad, en la que describimos c\u00f3mo recogemos los datos personales y por qu\u00e9 los recogemos, qu\u00e9 hacemos con ellos, con qui\u00e9n los compartimos, c\u00f3mo los protegemos y qu\u00e9 derechos tiene reconocidos por la normativa en materia de [&hellip;]<\/p>\n","protected":false},"author":1,"featured_media":0,"parent":0,"menu_order":0,"comment_status":"closed","ping_status":"closed","template":"","meta":{"inline_featured_image":false,"footnotes":""},"class_list":["post-3","page","type-page","status-publish","hentry"],"_links":{"self":[{"href":"https:\/\/clinicagorrochategui.com\/en\/wp-json\/wp\/v2\/pages\/3","targetHints":{"allow":["GET"]}}],"collection":[{"href":"https:\/\/clinicagorrochategui.com\/en\/wp-json\/wp\/v2\/pages"}],"about":[{"href":"https:\/\/clinicagorrochategui.com\/en\/wp-json\/wp\/v2\/types\/page"}],"author":[{"embeddable":true,"href":"https:\/\/clinicagorrochategui.com\/en\/wp-json\/wp\/v2\/users\/1"}],"replies":[{"embeddable":true,"href":"https:\/\/clinicagorrochategui.com\/en\/wp-json\/wp\/v2\/comments?post=3"}],"version-history":[{"count":0,"href":"https:\/\/clinicagorrochategui.com\/en\/wp-json\/wp\/v2\/pages\/3\/revisions"}],"wp:attachment":[{"href":"https:\/\/clinicagorrochategui.com\/en\/wp-json\/wp\/v2\/media?parent=3"}],"curies":[{"name":"wp","href":"https:\/\/api.w.org\/{rel}","templated":true}]}}